{"id":398,"date":"2020-09-01T10:50:38","date_gmt":"2020-09-01T15:50:38","guid":{"rendered":"http:\/\/abogados.shiftactive.com.co\/?page_id=398"},"modified":"2021-12-03T16:44:17","modified_gmt":"2021-12-03T21:44:17","slug":"derecho-administrativo-y-constitucional","status":"publish","type":"page","link":"https:\/\/albertopreciado.com\/es\/areas-de-practica\/derecho-administrativo-y-constitucional\/","title":{"rendered":"Derecho administrativo y constitucional"},"content":{"rendered":"\r\n<div style=\"height:40px\" aria-hidden=\"true\" class=\"wp-block-spacer\"><\/div>\r\n\r\n\r\n\r\n<div style=\"height:60px\" aria-hidden=\"true\" class=\"wp-block-spacer\"><\/div>\r\n\r\n\r\n\r\n<figure class=\"wp-block-image size-large is-style-seal-rigth\"><img decoding=\"async\" width=\"312\" height=\"313\" src=\"http:\/\/albertopreciado.com\/sitio\/wp-content\/uploads\/2020\/08\/Sello-naranja.svg\" alt=\"\" class=\"wp-image-308\" srcset=\"https:\/\/albertopreciado.com\/wp-content\/uploads\/\/2020\/08\/Sello-naranja.svg 150w, https:\/\/albertopreciado.com\/wp-content\/uploads\/\/2020\/08\/Sello-naranja.svg 300w, https:\/\/albertopreciado.com\/wp-content\/uploads\/\/2020\/08\/Sello-naranja.svg 1024w, https:\/\/albertopreciado.com\/wp-content\/uploads\/\/2020\/08\/Sello-naranja.svg 1536w, https:\/\/albertopreciado.com\/wp-content\/uploads\/\/2020\/08\/Sello-naranja.svg 2048w, https:\/\/albertopreciado.com\/wp-content\/uploads\/\/2020\/08\/Sello-naranja.svg 312w\" sizes=\"(max-width: 312px) 100vw, 312px\" \/><\/figure>\r\n\r\n\r\n\r\n<div class=\"wp-block-columns is-layout-flex wp-container-core-columns-is-layout-9d6595d7 wp-block-columns-is-layout-flex\">\r\n<div class=\"wp-block-column is-layout-flow wp-block-column-is-layout-flow\">\r\n<div style=\"height:40px\" aria-hidden=\"true\" class=\"wp-block-spacer\"><\/div>\r\n\r\n\r\n\r\n<p class=\"has-text-align-left mb-0 has-text-color has-small-font-size\" style=\"color:#4b5369\"><strong>LA MEJOR<\/strong><\/p>\r\n\r\n\r\n\r\n<h2 class=\"title-after is-style-title-after wp-block-heading\">definici\u00f3n<\/h2>\r\n\r\n\r\n\r\n<p>El Estado es un actor fundamental y principal en muchas de las relaciones negociables y no negociables de una sociedad. La firma busca asesorar a sus clientes, de tal forma que conozcan sus derechos y puedan interactuar con el Estado y sus entidades de la forma m\u00e1s beneficiosa posible.<\/p>\r\n<\/div>\r\n\r\n\r\n\r\n<div class=\"wp-block-column is-layout-flow wp-block-column-is-layout-flow\">\r\n<figure class=\"wp-block-image size-large\"><img decoding=\"async\" width=\"564\" height=\"376\" src=\"https:\/\/albertopreciado.com\/wp-content\/uploads\/2021\/02\/Areas-de-practica_E.jpg\" alt=\"\" class=\"wp-image-811\" srcset=\"https:\/\/albertopreciado.com\/wp-content\/uploads\/2021\/02\/Areas-de-practica_E.jpg 564w, https:\/\/albertopreciado.com\/wp-content\/uploads\/2021\/02\/Areas-de-practica_E-300x200.jpg 300w, https:\/\/albertopreciado.com\/wp-content\/uploads\/2021\/02\/Areas-de-practica_E-16x12.jpg 16w\" sizes=\"(max-width: 564px) 100vw, 564px\" \/><\/figure>\r\n<\/div>\r\n<\/div>\r\n\r\n\r\n\r\n<div style=\"height:60px\" aria-hidden=\"true\" class=\"wp-block-spacer\"><\/div>\r\n\r\n\r\n\r\n<p class=\"has-text-align-center is-style-paragraph-background is-style-with-background\"><strong>DESDE ESTA \u00c1REA BUSCAMOS APOYAR A NUESTROS CLIENTES, EN:<\/strong><\/p>\r\n\r\n\r\n\r\n<div style=\"height:50px\" aria-hidden=\"true\" class=\"wp-block-spacer\"><\/div>\r\n\r\n\r\n\r\n<div class=\"wp-block-columns is-layout-flex wp-container-core-columns-is-layout-9d6595d7 wp-block-columns-is-layout-flex\">\r\n<div class=\"wp-block-column is-layout-flow wp-block-column-is-layout-flow\">\r\n<div class=\"wp-block-abg-bisel\"><img decoding=\"async\" src=\"https:\/\/albertopreciado.com\/wp-content\/uploads\/2020\/11\/derecho-administrativo-2.png\"\/><div><p>La negociaci\u00f3n y elaboraci\u00f3n de contratos con el Estado.<\/p><\/div><\/div>\r\n\r\n\r\n\r\n<div class=\"wp-block-abg-bisel\"><img decoding=\"async\" src=\"https:\/\/albertopreciado.com\/wp-content\/uploads\/2020\/11\/derecho-administrativo-2.png\"\/><div><p>El an\u00e1lisis y estructuraci\u00f3n de tutelas y de su contestaci\u00f3n.<\/p><\/div><\/div>\r\n<\/div>\r\n\r\n\r\n\r\n<div class=\"wp-block-column is-layout-flow wp-block-column-is-layout-flow\">\r\n<div class=\"wp-block-abg-bisel\"><img decoding=\"async\" src=\"https:\/\/albertopreciado.com\/wp-content\/uploads\/2020\/11\/derecho-administrativo-2.png\"\/><div><p>El an\u00e1lisis y preparaci\u00f3n de conceptos jur\u00eddicos.<\/p><\/div><\/div>\r\n\r\n\r\n\r\n<div class=\"wp-block-abg-bisel\"><img decoding=\"async\" src=\"https:\/\/albertopreciado.com\/wp-content\/uploads\/2020\/11\/derecho-administrativo-2.png\"\/><div><p>La asesor\u00eda y representaci\u00f3n en procesos de responsabilidad fiscal.<\/p><\/div><\/div>\r\n<\/div>\r\n\r\n\r\n\r\n<div class=\"wp-block-column is-layout-flow wp-block-column-is-layout-flow\">\r\n<div class=\"wp-block-abg-bisel\"><img decoding=\"async\" src=\"https:\/\/albertopreciado.com\/wp-content\/uploads\/2020\/11\/derecho-administrativo-2.png\"\/><div><p>La asesor\u00eda y representaci\u00f3n en procesos administrativos y constitucionales<\/p><\/div><\/div>\r\n\r\n\r\n\r\n<div class=\"wp-block-abg-bisel\"><img decoding=\"async\" src=\"https:\/\/albertopreciado.com\/wp-content\/uploads\/2020\/11\/derecho-administrativo-2.png\"\/><div><p>La elaboraci\u00f3n de demandas de constitucionalidad.<\/p><\/div><\/div>\r\n<\/div>\r\n\r\n\r\n\r\n<div class=\"wp-block-column is-layout-flow wp-block-column-is-layout-flow\">\r\n<div class=\"wp-block-abg-bisel\"><img decoding=\"async\" src=\"https:\/\/albertopreciado.com\/wp-content\/uploads\/2020\/11\/derecho-administrativo-2.png\"\/><div><p>Como miembros de paneles de amigables componedores permanentes en contratos de infraestructura<\/p><\/div><\/div>\r\n<\/div>\r\n<\/div>\r\n\r\n\r\n\r\n<div class=\"wp-block-cover alignwide has-background-dim mb-0 pb-0\" style=\"background-color:#f4ede6\"><div class=\"wp-block-cover__inner-container is-layout-flow wp-block-cover-is-layout-flow\">\r\n<div class=\"wp-block-columns mb-0 is-layout-flex wp-container-core-columns-is-layout-9d6595d7 wp-block-columns-is-layout-flex\">\r\n<div class=\"wp-block-column mb-0 is-layout-flow wp-block-column-is-layout-flow\">\r\n<div style=\"height:60px\" aria-hidden=\"true\" class=\"wp-block-spacer\"><\/div>\r\n\r\n\r\n\r\n<p class=\"has-text-align-left mb-0 has-text-color has-small-font-size\" style=\"color:#4b5369\"><strong>NUESTROS<\/strong><\/p>\r\n\r\n\r\n\r\n<h2 class=\"title-after is-style-title-after wp-block-heading\">objetivos<\/h2>\r\n\r\n\r\n\r\n<div style=\"height:60px\" aria-hidden=\"true\" class=\"wp-block-spacer\"><\/div>\r\n\r\n\r\n\r\n<ul class=\"text-align-justify wp-block-list\"><li><strong>Elementos para tener en cuenta cuando se va contratar con el Estado o formular reclamaciones.<\/strong><\/li><li><strong>C\u00f3mo proceder cuando surgen problemas en las relaciones contractuales o extracontractuales con el Estado o alguna de sus Agencias.<\/strong><\/li><li><strong>Elementos a tener en cuenta cuando le han vulnerado un derecho fundamental y la acci\u00f3n de tutela.<\/strong><\/li><\/ul>\r\n\r\n\r\n\r\n<div style=\"height:60px\" aria-hidden=\"true\" class=\"wp-block-spacer\"><\/div>\r\n\r\n\r\n\r\n<div class=\"wp-block-buttons aligncenter is-layout-flex wp-block-buttons-is-layout-flex\">\r\n<div class=\"wp-block-button\"><a class=\"wp-block-button__link\" href=\"https:\/\/albertopreciado.com\/es\/contacto\/\">TE AYUDAMOS<\/a><\/div>\r\n<\/div>\r\n\r\n\r\n\r\n<div style=\"height:60px\" aria-hidden=\"true\" class=\"wp-block-spacer\"><\/div>\r\n<\/div>\r\n\r\n\r\n\r\n<div class=\"wp-block-column mb-0 is-layout-flow wp-block-column-is-layout-flow\"><\/div>\r\n<\/div>\r\n<\/div><\/div>\r\n","protected":false},"excerpt":{"rendered":"<p>LA MEJOR definici\u00f3n El Estado es un actor fundamental y principal en muchas de las relaciones negociables y no negociables de una sociedad. La firma busca asesorar a sus clientes, de tal forma que conozcan sus derechos y puedan interactuar con el Estado y sus entidades de la forma m\u00e1s beneficiosa posible. DESDE ESTA \u00c1REA [&hellip;]<\/p>\n","protected":false},"author":1,"featured_media":1085,"parent":149,"menu_order":1,"comment_status":"closed","ping_status":"closed","template":"","meta":{"_seopress_robots_primary_cat":"","footnotes":""},"class_list":["post-398","page","type-page","status-publish","has-post-thumbnail"],"acf":[],"banner":false,"_links":{"self":[{"href":"https:\/\/albertopreciado.com\/es\/wp-json\/wp\/v2\/pages\/398","targetHints":{"allow":["GET"]}}],"collection":[{"href":"https:\/\/albertopreciado.com\/es\/wp-json\/wp\/v2\/pages"}],"about":[{"href":"https:\/\/albertopreciado.com\/es\/wp-json\/wp\/v2\/types\/page"}],"author":[{"embeddable":true,"href":"https:\/\/albertopreciado.com\/es\/wp-json\/wp\/v2\/users\/1"}],"replies":[{"embeddable":true,"href":"https:\/\/albertopreciado.com\/es\/wp-json\/wp\/v2\/comments?post=398"}],"version-history":[{"count":9,"href":"https:\/\/albertopreciado.com\/es\/wp-json\/wp\/v2\/pages\/398\/revisions"}],"predecessor-version":[{"id":816,"href":"https:\/\/albertopreciado.com\/es\/wp-json\/wp\/v2\/pages\/398\/revisions\/816"}],"up":[{"embeddable":true,"href":"https:\/\/albertopreciado.com\/es\/wp-json\/wp\/v2\/pages\/149"}],"wp:featuredmedia":[{"embeddable":true,"href":"https:\/\/albertopreciado.com\/es\/wp-json\/wp\/v2\/media\/1085"}],"wp:attachment":[{"href":"https:\/\/albertopreciado.com\/es\/wp-json\/wp\/v2\/media?parent=398"}],"curies":[{"name":"wp","href":"https:\/\/api.w.org\/{rel}","templated":true}]}}