{"id":386,"date":"2020-09-01T10:38:13","date_gmt":"2020-09-01T15:38:13","guid":{"rendered":"http:\/\/abogados.shiftactive.com.co\/?page_id=386"},"modified":"2021-12-03T16:49:26","modified_gmt":"2021-12-03T21:49:26","slug":"derecho-inmobiliario-y-de-infraestructura","status":"publish","type":"page","link":"https:\/\/albertopreciado.com\/es\/areas-de-practica\/derecho-inmobiliario-y-de-infraestructura\/","title":{"rendered":"Derecho inmobiliario y de infraestructura"},"content":{"rendered":"\r\n<div style=\"height:40px\" aria-hidden=\"true\" class=\"wp-block-spacer\"><\/div>\r\n\r\n\r\n\r\n<div style=\"height:60px\" aria-hidden=\"true\" class=\"wp-block-spacer\"><\/div>\r\n\r\n\r\n\r\n<figure class=\"wp-block-image size-large is-style-seal-rigth\"><img decoding=\"async\" width=\"312\" height=\"313\" src=\"http:\/\/albertopreciado.com\/sitio\/wp-content\/uploads\/2020\/08\/Sello-naranja.svg\" alt=\"\" class=\"wp-image-308\" srcset=\"https:\/\/albertopreciado.com\/wp-content\/uploads\/\/2020\/08\/Sello-naranja.svg 150w, https:\/\/albertopreciado.com\/wp-content\/uploads\/\/2020\/08\/Sello-naranja.svg 300w, https:\/\/albertopreciado.com\/wp-content\/uploads\/\/2020\/08\/Sello-naranja.svg 1024w, https:\/\/albertopreciado.com\/wp-content\/uploads\/\/2020\/08\/Sello-naranja.svg 1536w, https:\/\/albertopreciado.com\/wp-content\/uploads\/\/2020\/08\/Sello-naranja.svg 2048w, https:\/\/albertopreciado.com\/wp-content\/uploads\/\/2020\/08\/Sello-naranja.svg 312w\" sizes=\"(max-width: 312px) 100vw, 312px\" \/><\/figure>\r\n\r\n\r\n\r\n<div class=\"wp-block-columns is-layout-flex wp-container-core-columns-is-layout-9d6595d7 wp-block-columns-is-layout-flex\">\r\n<div class=\"wp-block-column is-layout-flow wp-block-column-is-layout-flow\">\r\n<div style=\"height:40px\" aria-hidden=\"true\" class=\"wp-block-spacer\"><\/div>\r\n\r\n\r\n\r\n<p class=\"has-text-align-left mb-0 has-text-color has-small-font-size\" style=\"color:#4b5369\"><strong>LA MEJOR<\/strong><\/p>\r\n\r\n\r\n\r\n<h2 class=\"title-after is-style-title-after wp-block-heading\">definici\u00f3n<\/h2>\r\n\r\n\r\n\r\n<p>Colombia, la compra y venta de un inmueble en muchas ocasiones se ejecuta sin la previsi\u00f3n o asesoramiento de un abogado. Estos negocios pueden presentar problemas en su estructuraci\u00f3n, formalizaci\u00f3n y ejecuci\u00f3n, debido a la falta de conocimiento y cuidado al celebrarlos, por desconocimiento de elementos esenciales que pueden afectar su valor.<br>Buscamos asesorar a nuestros clientes, para que desde las etapas precontractuales de los negocios inmobiliarios, aseguren el  cumplimiento del negocio y satisfagan sus intereses y expectativas, apoy\u00e1ndolos en la estructuraci\u00f3n de estrategias particulares.<br>El desarrollo de la infraestructura en Colombia, transform\u00f3 el negocio inmobiliario, convirti\u00e9ndolo en una actividad altamente especializada e involucrando diferentes actores del comercio. Cada vez, es m\u00e1s  importante buscar apoyo jur\u00eddico de expertos en la estructuraci\u00f3n de negocios de finca ra\u00edz e  infraestructura.<\/p>\r\n<\/div>\r\n\r\n\r\n\r\n<div class=\"wp-block-column is-layout-flow wp-block-column-is-layout-flow\">\r\n<figure class=\"wp-block-image size-large\"><img decoding=\"async\" width=\"565\" height=\"377\" src=\"https:\/\/albertopreciado.com\/wp-content\/uploads\/2021\/02\/Areas-de-practica_F.jpg\" alt=\"\" class=\"wp-image-817\" srcset=\"https:\/\/albertopreciado.com\/wp-content\/uploads\/2021\/02\/Areas-de-practica_F.jpg 565w, https:\/\/albertopreciado.com\/wp-content\/uploads\/2021\/02\/Areas-de-practica_F-300x200.jpg 300w, https:\/\/albertopreciado.com\/wp-content\/uploads\/2021\/02\/Areas-de-practica_F-16x12.jpg 16w\" sizes=\"(max-width: 565px) 100vw, 565px\" \/><\/figure>\r\n<\/div>\r\n<\/div>\r\n\r\n\r\n\r\n<div style=\"height:60px\" aria-hidden=\"true\" class=\"wp-block-spacer\"><\/div>\r\n\r\n\r\n\r\n<p class=\"has-text-align-center is-style-paragraph-background is-style-with-background\"><strong>DESDE ESTA \u00c1REA BUSCAMOS APOYAR A NUESTROS CLIENTES, EN:<\/strong><\/p>\r\n\r\n\r\n\r\n<div style=\"height:50px\" aria-hidden=\"true\" class=\"wp-block-spacer\"><\/div>\r\n\r\n\r\n\r\n<div class=\"wp-block-columns is-layout-flex wp-container-core-columns-is-layout-9d6595d7 wp-block-columns-is-layout-flex\">\r\n<div class=\"wp-block-column is-layout-flow wp-block-column-is-layout-flow\">\r\n<div class=\"wp-block-abg-bisel\"><img decoding=\"async\" src=\"https:\/\/albertopreciado.com\/wp-content\/uploads\/2020\/11\/derecho-inmobiliario-2.png\"\/><div><p>La elaboraci\u00f3n de promesas de compraventa, minutas de escrituras p\u00fablicas de compraventa, servidumbres, daciones en pago, donaciones, entre otras.<\/p><\/div><\/div>\r\n\r\n\r\n\r\n<div class=\"wp-block-abg-bisel\"><img decoding=\"async\" src=\"https:\/\/albertopreciado.com\/wp-content\/uploads\/2020\/11\/derecho-inmobiliario-2.png\"\/><div><p>Elaboraci\u00f3n y negociaci\u00f3n de contratos de arrendamiento y concesi\u00f3n de espacios comerciales.<\/p><\/div><\/div>\r\n<\/div>\r\n\r\n\r\n\r\n<div class=\"wp-block-column is-layout-flow wp-block-column-is-layout-flow\">\r\n<div class=\"wp-block-abg-bisel\"><img decoding=\"async\" src=\"https:\/\/albertopreciado.com\/wp-content\/uploads\/2020\/11\/derecho-inmobiliario-2.png\"\/><div><p>Constituci\u00f3n de patrimonios aut\u00f3nomos con fiduciarias, a efecto de garantizar recaudo de cuotas, su manejo y las inversiones en estos activos.<\/p><\/div><\/div>\r\n\r\n\r\n\r\n<div class=\"wp-block-abg-bisel\"><img decoding=\"async\" src=\"https:\/\/albertopreciado.com\/wp-content\/uploads\/2020\/11\/derecho-inmobiliario-2.png\"\/><div><p>Apoyo y asesoramiento en proceso de compra de inmuebles, por entidades p\u00fablicas.<\/p><\/div><\/div>\r\n<\/div>\r\n\r\n\r\n\r\n<div class=\"wp-block-column is-layout-flow wp-block-column-is-layout-flow\">\r\n<div class=\"wp-block-abg-bisel\"><img decoding=\"async\" src=\"https:\/\/albertopreciado.com\/wp-content\/uploads\/2020\/11\/derecho-inmobiliario-2.png\"\/><div><p>Registro y estructuraci\u00f3n de inversiones extranjeras ante el Banco de la Rep\u00fablica y dem\u00e1s entes de control<\/p><\/div><\/div>\r\n\r\n\r\n\r\n<div class=\"wp-block-abg-bisel\"><img decoding=\"async\" src=\"https:\/\/albertopreciado.com\/wp-content\/uploads\/2020\/11\/derecho-inmobiliario-2.png\"\/><div><p>Preparaci\u00f3n y negociaci\u00f3n de garant\u00edas inmobiliarias (prendas, hipotecas, etc.)<\/p><\/div><\/div>\r\n<\/div>\r\n\r\n\r\n\r\n<div class=\"wp-block-column is-layout-flow wp-block-column-is-layout-flow\">\r\n<div class=\"wp-block-abg-bisel\"><img decoding=\"async\" src=\"https:\/\/albertopreciado.com\/wp-content\/uploads\/2020\/11\/derecho-inmobiliario-2.png\"\/><div><p>El an\u00e1lisis y estructuraci\u00f3n de los negocios inmobiliarios, para cada caso particular, analizando minuciosamente desde los t\u00edtulos, los pasivos ambientales, los servicios y en general todos los detalles que involucra un predio para futuro desarrollo o valorizaci\u00f3n.<\/p><\/div><\/div>\r\n<\/div>\r\n<\/div>\r\n\r\n\r\n\r\n<div class=\"wp-block-cover alignwide has-background-dim mb-0 pb-0\" style=\"background-color:#f4ede6\"><div class=\"wp-block-cover__inner-container is-layout-flow wp-block-cover-is-layout-flow\">\r\n<div class=\"wp-block-columns mb-0 is-layout-flex wp-container-core-columns-is-layout-9d6595d7 wp-block-columns-is-layout-flex\">\r\n<div class=\"wp-block-column mb-0 is-layout-flow wp-block-column-is-layout-flow\">\r\n<div style=\"height:60px\" aria-hidden=\"true\" class=\"wp-block-spacer\"><\/div>\r\n\r\n\r\n\r\n<p class=\"has-text-align-left mb-0 has-text-color has-small-font-size\" style=\"color:#4b5369\"><strong>NUESTROS<\/strong><\/p>\r\n\r\n\r\n\r\n<h2 class=\"title-after is-style-title-after wp-block-heading\">objetivos<\/h2>\r\n\r\n\r\n\r\n<div style=\"height:60px\" aria-hidden=\"true\" class=\"wp-block-spacer\"><\/div>\r\n\r\n\r\n\r\n<ul class=\"text-align-justify wp-block-list\"><li><strong>Qu\u00e9 elementos tener en cuenta para comprar un inmueble, distintos del precio y su ubicaci\u00f3n.<\/strong><\/li><li><strong>C\u00f3mo estar seguros sobre la \u201choja de vida\u201d de un inmueble.<\/strong><\/li><\/ul>\r\n\r\n\r\n\r\n<div style=\"height:60px\" aria-hidden=\"true\" class=\"wp-block-spacer\"><\/div>\r\n\r\n\r\n\r\n<div class=\"wp-block-buttons aligncenter is-layout-flex wp-block-buttons-is-layout-flex\">\r\n<div class=\"wp-block-button\"><a class=\"wp-block-button__link\" href=\"https:\/\/albertopreciado.com\/es\/contacto\/\">TE AYUDAMOS<\/a><\/div>\r\n<\/div>\r\n\r\n\r\n\r\n<div style=\"height:60px\" aria-hidden=\"true\" class=\"wp-block-spacer\"><\/div>\r\n\r\n\r\n\r\n<p><\/p>\r\n<\/div>\r\n\r\n\r\n\r\n<div class=\"wp-block-column mb-0 is-layout-flow wp-block-column-is-layout-flow\"><\/div>\r\n<\/div>\r\n<\/div><\/div>\r\n","protected":false},"excerpt":{"rendered":"<p>LA MEJOR definici\u00f3n Colombia, la compra y venta de un inmueble en muchas ocasiones se ejecuta sin la previsi\u00f3n o asesoramiento de un abogado. Estos negocios pueden presentar problemas en su estructuraci\u00f3n, formalizaci\u00f3n y ejecuci\u00f3n, debido a la falta de conocimiento y cuidado al celebrarlos, por desconocimiento de elementos esenciales que pueden afectar su valor.Buscamos [&hellip;]<\/p>\n","protected":false},"author":1,"featured_media":1092,"parent":149,"menu_order":1,"comment_status":"closed","ping_status":"closed","template":"","meta":{"_seopress_robots_primary_cat":"","footnotes":""},"class_list":["post-386","page","type-page","status-publish","has-post-thumbnail"],"acf":[],"banner":false,"_links":{"self":[{"href":"https:\/\/albertopreciado.com\/es\/wp-json\/wp\/v2\/pages\/386","targetHints":{"allow":["GET"]}}],"collection":[{"href":"https:\/\/albertopreciado.com\/es\/wp-json\/wp\/v2\/pages"}],"about":[{"href":"https:\/\/albertopreciado.com\/es\/wp-json\/wp\/v2\/types\/page"}],"author":[{"embeddable":true,"href":"https:\/\/albertopreciado.com\/es\/wp-json\/wp\/v2\/users\/1"}],"replies":[{"embeddable":true,"href":"https:\/\/albertopreciado.com\/es\/wp-json\/wp\/v2\/comments?post=386"}],"version-history":[{"count":12,"href":"https:\/\/albertopreciado.com\/es\/wp-json\/wp\/v2\/pages\/386\/revisions"}],"predecessor-version":[{"id":819,"href":"https:\/\/albertopreciado.com\/es\/wp-json\/wp\/v2\/pages\/386\/revisions\/819"}],"up":[{"embeddable":true,"href":"https:\/\/albertopreciado.com\/es\/wp-json\/wp\/v2\/pages\/149"}],"wp:featuredmedia":[{"embeddable":true,"href":"https:\/\/albertopreciado.com\/es\/wp-json\/wp\/v2\/media\/1092"}],"wp:attachment":[{"href":"https:\/\/albertopreciado.com\/es\/wp-json\/wp\/v2\/media?parent=386"}],"curies":[{"name":"wp","href":"https:\/\/api.w.org\/{rel}","templated":true}]}}