{"id":380,"date":"2020-09-01T10:33:41","date_gmt":"2020-09-01T15:33:41","guid":{"rendered":"http:\/\/abogados.shiftactive.com.co\/?page_id=380"},"modified":"2021-12-03T16:32:59","modified_gmt":"2021-12-03T21:32:59","slug":"derecho-familia","status":"publish","type":"page","link":"https:\/\/albertopreciado.com\/es\/areas-de-practica\/derecho-familia\/","title":{"rendered":"Derecho de familia"},"content":{"rendered":"\r\n<div style=\"height:40px\" aria-hidden=\"true\" class=\"wp-block-spacer\"><\/div>\r\n\r\n\r\n\r\n<div style=\"height:60px\" aria-hidden=\"true\" class=\"wp-block-spacer\"><\/div>\r\n\r\n\r\n\r\n<figure class=\"wp-block-image size-large is-style-seal-rigth\"><img decoding=\"async\" width=\"312\" height=\"313\" src=\"http:\/\/albertopreciado.com\/sitio\/wp-content\/uploads\/2020\/08\/Sello-naranja.svg\" alt=\"\" class=\"wp-image-308\" srcset=\"https:\/\/albertopreciado.com\/wp-content\/uploads\/\/2020\/08\/Sello-naranja.svg 150w, https:\/\/albertopreciado.com\/wp-content\/uploads\/\/2020\/08\/Sello-naranja.svg 300w, https:\/\/albertopreciado.com\/wp-content\/uploads\/\/2020\/08\/Sello-naranja.svg 1024w, https:\/\/albertopreciado.com\/wp-content\/uploads\/\/2020\/08\/Sello-naranja.svg 1536w, https:\/\/albertopreciado.com\/wp-content\/uploads\/\/2020\/08\/Sello-naranja.svg 2048w, https:\/\/albertopreciado.com\/wp-content\/uploads\/\/2020\/08\/Sello-naranja.svg 312w\" sizes=\"(max-width: 312px) 100vw, 312px\" \/><\/figure>\r\n\r\n\r\n\r\n<div class=\"wp-block-columns is-layout-flex wp-container-core-columns-is-layout-9d6595d7 wp-block-columns-is-layout-flex\">\r\n<div class=\"wp-block-column is-layout-flow wp-block-column-is-layout-flow\">\r\n<div style=\"height:40px\" aria-hidden=\"true\" class=\"wp-block-spacer\"><\/div>\r\n\r\n\r\n\r\n<p class=\"has-text-align-left mb-0 has-text-color has-small-font-size\" style=\"color:#4b5369\"><strong>LA MEJOR<\/strong><\/p>\r\n\r\n\r\n\r\n<h2 class=\"title-after is-style-title-after wp-block-heading\">definici\u00f3n<\/h2>\r\n\r\n\r\n\r\n<p>El Derecho de Familia es parte fundamental de la sociedad. Desde la perspectiva econ\u00f3mica, muchas parejas deciden organizar su comunidad de bienes antes de contraer matrimonio, al igual que cada vez es m\u00e1s recurrente, organizar sus bienes y la repartici\u00f3n de los mismos antes de su fallecimiento, a lo que se conoce como planeaci\u00f3n sucesoral.<\/p>\r\n<\/div>\r\n\r\n\r\n\r\n<div class=\"wp-block-column is-layout-flow wp-block-column-is-layout-flow\">\r\n<figure class=\"wp-block-image size-large\"><img decoding=\"async\" width=\"565\" height=\"377\" src=\"https:\/\/albertopreciado.com\/wp-content\/uploads\/2021\/02\/Areas-de-practica_F.jpg\" alt=\"\" class=\"wp-image-817\" srcset=\"https:\/\/albertopreciado.com\/wp-content\/uploads\/2021\/02\/Areas-de-practica_F.jpg 565w, https:\/\/albertopreciado.com\/wp-content\/uploads\/2021\/02\/Areas-de-practica_F-300x200.jpg 300w, https:\/\/albertopreciado.com\/wp-content\/uploads\/2021\/02\/Areas-de-practica_F-16x12.jpg 16w\" sizes=\"(max-width: 565px) 100vw, 565px\" \/><\/figure>\r\n<\/div>\r\n<\/div>\r\n\r\n\r\n\r\n<div style=\"height:60px\" aria-hidden=\"true\" class=\"wp-block-spacer\"><\/div>\r\n\r\n\r\n\r\n<p class=\"has-text-align-center is-style-paragraph-background is-style-with-background\"><strong>DESDE ESTA \u00c1REA BUSCAMOS APOYAR A NUESTROS CLIENTES, EN:<\/strong><\/p>\r\n\r\n\r\n\r\n<div style=\"height:50px\" aria-hidden=\"true\" class=\"wp-block-spacer\"><\/div>\r\n\r\n\r\n\r\n<div class=\"wp-block-columns is-layout-flex wp-container-core-columns-is-layout-9d6595d7 wp-block-columns-is-layout-flex\">\r\n<div class=\"wp-block-column is-layout-flow wp-block-column-is-layout-flow\">\r\n<div class=\"wp-block-abg-bisel\"><img decoding=\"async\" src=\"https:\/\/albertopreciado.com\/wp-content\/uploads\/2020\/11\/derecho-familia-2.png\"\/><div><p>Estudio, an\u00e1lisis de la conveniencia y preparaci\u00f3n de capitulaciones matrimoniales o maritales<\/p><\/div><\/div>\r\n\r\n\r\n\r\n<div class=\"wp-block-abg-bisel\"><img decoding=\"async\" src=\"https:\/\/albertopreciado.com\/wp-content\/uploads\/2020\/11\/derecho-familia-2.png\"\/><div><p>Apoyo en sucesiones anticipadas o en vida.<\/p><\/div><\/div>\r\n<\/div>\r\n\r\n\r\n\r\n<div class=\"wp-block-column is-layout-flow wp-block-column-is-layout-flow\">\r\n<div class=\"wp-block-abg-bisel\"><img decoding=\"async\" src=\"https:\/\/albertopreciado.com\/wp-content\/uploads\/2020\/11\/derecho-familia-2.png\"\/><div><p>Preparaci\u00f3n de testamentos<\/p><\/div><\/div>\r\n\r\n\r\n\r\n<div class=\"wp-block-abg-bisel\"><img decoding=\"async\" src=\"https:\/\/albertopreciado.com\/wp-content\/uploads\/2020\/11\/derecho-familia-2.png\"\/><div><p>Apoyo y asesor\u00eda en procesos sucesorales.<\/p><\/div><\/div>\r\n<\/div>\r\n\r\n\r\n\r\n<div class=\"wp-block-column is-layout-flow wp-block-column-is-layout-flow\">\r\n<div class=\"wp-block-abg-bisel\"><img decoding=\"async\" src=\"https:\/\/albertopreciado.com\/wp-content\/uploads\/2020\/11\/derecho-familia-2.png\"\/><div><p>Estructuraci\u00f3n de planeaciones sucesorales<\/p><\/div><\/div>\r\n\r\n\r\n\r\n<div class=\"wp-block-abg-bisel\"><img decoding=\"async\" src=\"https:\/\/albertopreciado.com\/wp-content\/uploads\/2020\/11\/derecho-familia-2.png\"\/><div><p>Estructuraci\u00f3n y negociaci\u00f3n de acuerdos de alimentos y custodia.<\/p><\/div><\/div>\r\n<\/div>\r\n\r\n\r\n\r\n<div class=\"wp-block-column is-layout-flow wp-block-column-is-layout-flow\">\r\n<div class=\"wp-block-abg-bisel\"><img decoding=\"async\" src=\"https:\/\/albertopreciado.com\/wp-content\/uploads\/2020\/11\/derecho-familia-2.png\"\/><div><p>Apoyo y asesor\u00eda en procesos de divorcio y liquidaci\u00f3n de sociedades conyugales o patrimoniales de hecho.<\/p><\/div><\/div>\r\n<\/div>\r\n<\/div>\r\n\r\n\r\n\r\n<div class=\"wp-block-cover alignwide has-background-dim mb-0 pb-0\" style=\"background-color:#f4ede6\"><div class=\"wp-block-cover__inner-container is-layout-flow wp-block-cover-is-layout-flow\">\r\n<div class=\"wp-block-columns mb-0 is-layout-flex wp-container-core-columns-is-layout-9d6595d7 wp-block-columns-is-layout-flex\">\r\n<div class=\"wp-block-column mb-0 is-layout-flow wp-block-column-is-layout-flow\">\r\n<div style=\"height:60px\" aria-hidden=\"true\" class=\"wp-block-spacer\"><\/div>\r\n\r\n\r\n\r\n<p class=\"has-text-align-left mb-0 has-text-color has-small-font-size\" style=\"color:#4b5369\"><strong>NUESTROS<\/strong><\/p>\r\n\r\n\r\n\r\n<h2 class=\"title-after is-style-title-after wp-block-heading\">objetivos<\/h2>\r\n\r\n\r\n\r\n<div style=\"height:60px\" aria-hidden=\"true\" class=\"wp-block-spacer\"><\/div>\r\n\r\n\r\n\r\n<ul class=\"text-align-justify wp-block-list\"><li><strong>Resolvemos sus inquietudes sobre las consecuencias patrimoniales antes de casarse, las capitulaciones matrimoniales o los testamentos.<\/strong><\/li><li><strong>Lo acompa\u00f1amos y asesoramos en su divorcio de mutuo acuerdo o contencioso.<\/strong><\/li><li><strong>Brindamos orientaci\u00f3n ante los problemas que pueden surgir con su pareja para liquidar la sociedad conyugal y\/o para acordar el r\u00e9gimen de visitas para sus hijos.<\/strong><\/li><li><strong>C\u00f3mo organizar sus activos y la forma de distribuci\u00f3n antes de su fallecimiento, para una adecuada planeaci\u00f3n patrimonial<\/strong><\/li><\/ul>\r\n\r\n\r\n\r\n<div style=\"height:60px\" aria-hidden=\"true\" class=\"wp-block-spacer\"><\/div>\r\n\r\n\r\n\r\n<div class=\"wp-block-buttons aligncenter is-layout-flex wp-block-buttons-is-layout-flex\">\r\n<div class=\"wp-block-button\"><a class=\"wp-block-button__link\" href=\"https:\/\/albertopreciado.com\/es\/contacto\/\">TE AYUDAMOS<\/a><\/div>\r\n<\/div>\r\n\r\n\r\n\r\n<div style=\"height:60px\" aria-hidden=\"true\" class=\"wp-block-spacer\"><\/div>\r\n<\/div>\r\n\r\n\r\n\r\n<div class=\"wp-block-column mb-0 is-layout-flow wp-block-column-is-layout-flow\"><\/div>\r\n<\/div>\r\n<\/div><\/div>\r\n","protected":false},"excerpt":{"rendered":"<p>LA MEJOR definici\u00f3n El Derecho de Familia es parte fundamental de la sociedad. Desde la perspectiva econ\u00f3mica, muchas parejas deciden organizar su comunidad de bienes antes de contraer matrimonio, al igual que cada vez es m\u00e1s recurrente, organizar sus bienes y la repartici\u00f3n de los mismos antes de su fallecimiento, a lo que se conoce [&hellip;]<\/p>\n","protected":false},"author":1,"featured_media":1080,"parent":149,"menu_order":1,"comment_status":"closed","ping_status":"closed","template":"","meta":{"_seopress_robots_primary_cat":"","footnotes":""},"class_list":["post-380","page","type-page","status-publish","has-post-thumbnail"],"acf":[],"banner":false,"_links":{"self":[{"href":"https:\/\/albertopreciado.com\/es\/wp-json\/wp\/v2\/pages\/380","targetHints":{"allow":["GET"]}}],"collection":[{"href":"https:\/\/albertopreciado.com\/es\/wp-json\/wp\/v2\/pages"}],"about":[{"href":"https:\/\/albertopreciado.com\/es\/wp-json\/wp\/v2\/types\/page"}],"author":[{"embeddable":true,"href":"https:\/\/albertopreciado.com\/es\/wp-json\/wp\/v2\/users\/1"}],"replies":[{"embeddable":true,"href":"https:\/\/albertopreciado.com\/es\/wp-json\/wp\/v2\/comments?post=380"}],"version-history":[{"count":13,"href":"https:\/\/albertopreciado.com\/es\/wp-json\/wp\/v2\/pages\/380\/revisions"}],"predecessor-version":[{"id":818,"href":"https:\/\/albertopreciado.com\/es\/wp-json\/wp\/v2\/pages\/380\/revisions\/818"}],"up":[{"embeddable":true,"href":"https:\/\/albertopreciado.com\/es\/wp-json\/wp\/v2\/pages\/149"}],"wp:featuredmedia":[{"embeddable":true,"href":"https:\/\/albertopreciado.com\/es\/wp-json\/wp\/v2\/media\/1080"}],"wp:attachment":[{"href":"https:\/\/albertopreciado.com\/es\/wp-json\/wp\/v2\/media?parent=380"}],"curies":[{"name":"wp","href":"https:\/\/api.w.org\/{rel}","templated":true}]}}