{"id":3,"date":"2020-08-10T01:37:34","date_gmt":"2020-08-10T01:37:34","guid":{"rendered":"http:\/\/albertopreciado.com\/sitio\/?page_id=3"},"modified":"2020-12-30T14:15:00","modified_gmt":"2020-12-30T19:15:00","slug":"politica-privacidad","status":"publish","type":"page","link":"https:\/\/albertopreciado.com\/es\/politica-privacidad\/","title":{"rendered":"T\u00c9RMINOS Y CONDICIONES"},"content":{"rendered":"\n<div style=\"height:40px\" aria-hidden=\"true\" class=\"wp-block-spacer\"><\/div>\n\n\n\n<h1 class=\"has-text-align-center wp-block-heading\">T\u00c9RMINOS Y CONDICIONES<\/h1>\n\n\n\n<div style=\"height:40px\" aria-hidden=\"true\" class=\"wp-block-spacer\"><\/div>\n\n\n\n<p class=\"width-60\"><\/p>\n\n\n\n<hr class=\"wp-block-separator\"\/>\n\n\n\n<div class=\"wp-block-columns is-layout-flex wp-container-core-columns-is-layout-9d6595d7 wp-block-columns-is-layout-flex\">\n<div class=\"wp-block-column is-layout-flow wp-block-column-is-layout-flow\">\n<ol class=\"anclas text-dark wp-block-list\"><li><span class=\"has-inline-color has-black-color\"><a href=\"#uno\" data-type=\"internal\" data-id=\"#uno\">Responsable y Encargado del Tratamiento<\/a><\/span><\/li><li><span class=\"has-inline-color has-black-color\"><a href=\"#dos\" data-type=\"internal\" data-id=\"#dos\">Alcance de la Pol\u00edtica de Privacidad<\/a><\/span><\/li><li>Definiciones<\/li><li>Tratamiento de los Datos Personales por parte de LTM3<\/li><li>Uso de la Pol\u00edtica de Privacidad y Protecci\u00f3n de la Informaci\u00f3n<\/li><li>Efectos de la Autorizaci\u00f3n<\/li><li>Informaci\u00f3n Personal Recolectada<\/li><\/ol>\n<\/div>\n\n\n\n<div class=\"wp-block-column is-layout-flow wp-block-column-is-layout-flow\">\n<ol start=\"8\" class=\"anclas text-dark wp-block-list\"><li>Finalidades y Usos de la Informaci\u00f3n<\/li><li>Derechos de los titulares de la Informaci\u00f3n Personal<\/li><li>Confidencialidad de la Informaci\u00f3n Personal<\/li><li>Tratamiento de Informaci\u00f3n Personal de Menores de Edad<\/li><li>Procedimiento de Consulta, Rectificaci\u00f3n y Reclamos<\/li><li>Contacto<\/li><li>Modificaciones de la Pol\u00edtica de Privacidad<\/li><li>Vigencia<\/li><\/ol>\n<\/div>\n<\/div>\n\n\n\n<h3 class=\"has-medium-font-size wp-block-heading\" id=\"uno\"><strong>1. <span style=\"color:#4b5369\" class=\"has-inline-color\">Responsable y Encargado del Tratamiento<\/span><\/strong><\/h3>\n\n\n\n<p>En cumplimiento de la Ley 1581 de 2012, el Decreto 1377 de 2013 y dem\u00e1s normas concordantes, Preciado Abogados S.A.S., con NIT. 900195287 \u2013 8, domiciliada en la Calle 75 No. 5 -59, Piso 5, correo electr\u00f3nico <a href=\"mailto:alpre@albertopreciado.com\">alpre@albertopreciado.com<\/a> y tel\u00e9fono (571) 7447888, -en adelante Preciado Abogados- pone en conocimiento de todos los interesados, su Pol\u00edtica de Tratamiento de Datos Personales:<\/p>\n\n\n\n<p><em>Definiciones.-<\/em><\/p>\n\n\n\n<ol class=\"wp-block-list\" type=\"a\"><li>Autorizaci\u00f3n: Consentimiento previo, expreso e informado del titular para llevar a cabo el tratamiento de datos personales;<\/li><\/ol>\n\n\n\n<ol class=\"wp-block-list\" type=\"a\" start=\"2\"><li>Aviso de privacidad: Comunicaci\u00f3n verbal o escrita generada por el responsable, dirigida al titular para el tratamiento de sus datos personales, mediante la cual se le informa acerca de la existencia de las pol\u00edticas de tratamiento de informaci\u00f3n que le ser\u00e1n aplicables, la forma de acceder a las mismas y las finalidades del tratamiento que se pretende dar a los datos personales.<\/li><\/ol>\n\n\n\n<ol class=\"wp-block-list\" type=\"a\" start=\"3\"><li>Base de Datos: Conjunto organizado de datos personales que sea objeto de tratamiento;<\/li><\/ol>\n\n\n\n<ol class=\"wp-block-list\" type=\"a\" start=\"4\"><li>Dato Personal: Cualquier informaci\u00f3n vinculada o que pueda asociarse a una o varias personas naturales determinadas o determinables;<\/li><\/ol>\n\n\n\n<ol class=\"wp-block-list\" type=\"a\" start=\"5\"><li>Dato P\u00fablico: Es el dato que no sea semiprivado, privado o sensible. Son considerados datos p\u00fablicos, entre otros, los datos relativos al estado civil de las personas, a su profesi\u00f3n u oficio y a su calidad de comerciante o de servidor p\u00fablico. Por su naturaleza, los datos p\u00fablicos pueden estar contenidos, entre otros, en registros p\u00fablicos, documentos p\u00fablicos, gacetas y boletines oficiales y sentencias judiciales debidamente ejecutoriadas que no est\u00e9n sometidas a reserva.<\/li><\/ol>\n\n\n\n<ol class=\"wp-block-list\" type=\"a\" start=\"6\"><li>Datos Sensibles: Se entiende por datos sensibles aquellos que afectan la intimidad del titular o cuyo uso indebido puede generar su discriminaci\u00f3n, tales como aquellos que revelen el origen racial o \u00e9tnico, la orientaci\u00f3n pol\u00edtica, las convicciones religiosas o filos\u00f3ficas, la pertenencia a sindicatos, organizaciones sociales, de derechos humanos o que promueva intereses de cualquier partido pol\u00edtico o que garanticen los derechos y garant\u00edas de partidos pol\u00edticos de oposici\u00f3n, as\u00ed como los datos relativos a la salud, a la vida sexual, y los datos biom\u00e9tricos.<\/li><\/ol>\n\n\n\n<ol class=\"wp-block-list\" type=\"a\" start=\"7\"><li>Encargado del Tratamiento: Persona natural o jur\u00eddica, p\u00fablica o privada, que por s\u00ed misma o en asocio con otros, realice el tratamiento de datos personales por cuenta del responsable del tratamiento;<\/li><li>Responsable del Tratamiento: Persona natural o jur\u00eddica, p\u00fablica o privada, que por s\u00ed misma o en asocio con otros, decida sobre la base de datos y\/o el tratamiento de los datos;<\/li><\/ol>\n\n\n\n<ol class=\"wp-block-list\" type=\"a\" start=\"9\"><li>Titular: Persona natural cuyos datos personales sean objeto de tratamiento;<\/li><\/ol>\n\n\n\n<ol class=\"wp-block-list\" type=\"a\" start=\"10\"><li>Transferencia: La transferencia de datos tiene lugar cuando el responsable y\/o encargado del tratamiento de datos personales, ubicado en Colombia, env\u00eda la informaci\u00f3n o los datos personales a un receptor, que a su vez es responsable del tratamiento y se encuentra dentro o fuera del pa\u00eds.<\/li><\/ol>\n\n\n\n<ol class=\"wp-block-list\" type=\"a\" start=\"11\"><li>Transmisi\u00f3n: Tratamiento de datos personales que implica la comunicaci\u00f3n de los mismos dentro o fuera del territorio de la Rep\u00fablica de Colombia cuando tenga por objeto la realizaci\u00f3n de un tratamiento por el encargado por cuenta del responsable.<\/li><\/ol>\n\n\n\n<ol class=\"wp-block-list\" type=\"a\" start=\"12\"><li>Tratamiento: Cualquier operaci\u00f3n o conjunto de operaciones sobre datos personales, tales como la recolecci\u00f3n, almacenamiento, uso, circulaci\u00f3n o supresi\u00f3n.<\/li><\/ol>\n\n\n\n<p><\/p>\n\n\n\n<p><em>Principios rectores.-<\/em><\/p>\n\n\n\n<p>a) Principio de legalidad en materia de tratamiento de datos: El Tratamiento de los Datos Personales es una actividad reglada que debe sujetarse a lo establecido en la Ley 1581 de 2012 y en las dem\u00e1s disposiciones que la desarrollen;<\/p>\n\n\n\n<p>b) Principio de finalidad: El Tratamiento debe obedecer a una finalidad leg\u00edtima de acuerdo con la Constituci\u00f3n y la Ley, la cual debe ser informada al Titular;<\/p>\n\n\n\n<p>c) Principio de libertad: El Tratamiento s\u00f3lo puede ejercerse con el consentimiento, previo, expreso e informado del Titular. Los Datos Personales no podr\u00e1n ser obtenidos o divulgados sin previa Autorizaci\u00f3n, o en ausencia de mandato legal o judicial que releve el consentimiento;<\/p>\n\n\n\n<p>d) Principio de veracidad o calidad: La informaci\u00f3n sujeta a Tratamiento debe ser veraz, completa, exacta, actualizada, comprobable y comprensible. Se proh\u00edbe el Tratamiento de datos parciales, incompletos, fraccionados o que induzcan a error;<\/p>\n\n\n\n<p>e) Principio de transparencia: En el Tratamiento debe garantizarse el derecho del Titular a obtener del Responsable del Tratamiento o del Encargado del Tratamiento, en cualquier momento y sin restricciones, informaci\u00f3n acerca de la existencia de datos que le conciernan;<\/p>\n\n\n\n<p>f) Principio de acceso y circulaci\u00f3n restringida: El Tratamiento se sujeta a los l\u00edmites que se derivan de la naturaleza de los Datos Personales. En este sentido, el Tratamiento s\u00f3lo podr\u00e1 hacerse por personas autorizadas por el Titular y\/o por las personas previstas en la Ley 1581 de 2012 y en las dem\u00e1s disposiciones que la reglamenten;<\/p>\n\n\n\n<p>Los Datos Personales, salvo la informaci\u00f3n p\u00fablica, no podr\u00e1n estar disponibles en Internet u otros medios de divulgaci\u00f3n o comunicaci\u00f3n masiva, salvo que el acceso sea t\u00e9cnicamente controlable para brindar un conocimiento restringido s\u00f3lo a los Titulares o terceros autorizados conforme a la presente ley;<\/p>\n\n\n\n<p>g) Principio de seguridad: La informaci\u00f3n sujeta a Tratamiento por el Responsable del Tratamiento o Encargado del Tratamiento, se deber\u00e1 manejar con las medidas t\u00e9cnicas, humanas y administrativas que sean necesarias para otorgar seguridad a los registros evitando su adulteraci\u00f3n, p\u00e9rdida, consulta, uso o acceso no autorizado o fraudulento;<\/p>\n\n\n\n<p>h) Principio de confidencialidad: Todas las personas que intervengan en el Tratamiento de Datos Personales que no tengan la naturaleza de Datos P\u00fablicos est\u00e1n obligadas a garantizar la reserva de la informaci\u00f3n, inclusive despu\u00e9s de finalizada su relaci\u00f3n con alguna de las labores que comprende el Tratamiento, pudiendo s\u00f3lo realizar suministro o comunicaci\u00f3n de Datos Personales cuando ello corresponda al desarrollo de las actividades autorizadas en la Ley 1581 de 2012 y\/o en las normas que la reglamenten.<\/p>\n\n\n\n<p><em><strong>Autorizaci\u00f3n de la Pol\u00edtica de Tratamiento de Datos.-<\/strong><\/em><\/p>\n\n\n\n<p>De conformidad con el art\u00edculo 9 de la Ley 1581 de 2012 para el Tratamiento de Datos Personales se requiere la Autorizaci\u00f3n previa e informada del Titular de los Datos Personales. Mediante la aceptaci\u00f3n de la presente Pol\u00edtica de Tratamiento de Datos todo Titular que facilite la entrega de sus Datos Personales aprueba el tratamiento de sus datos por parte del Responsable del Tratamiento, Preciado Abogados, en los t\u00e9rminos y condiciones establecidos en la presente pol\u00edtica.<\/p>\n\n\n\n<p><em><strong>Tratamiento y finalidades de las bases de datos.-<\/strong><\/em><\/p>\n\n\n\n<p>Preciado Abogados en desarrollo de su actividad jur\u00eddica lleva a cabo el Tratamiento de Datos Personales relativos a personas naturales y jur\u00eddicas que est\u00e1n contenidos y son tratados en Bases de Datos y en tal virtud, podr\u00e1 recolectar, almacenar, transmitir y realizar diversas operaciones sobre los datos personales para las siguientes finalidades leg\u00edtimas, cumpliendo siempre con la Constituci\u00f3n y la Ley:<\/p>\n\n\n\n<ol class=\"wp-block-list\" type=\"a\"><li>Cumplir con los contratos de servicios celebrados con los clientes;<\/li><\/ol>\n\n\n\n<ol class=\"wp-block-list\" type=\"a\" start=\"2\"><li>Gestionar toda la informaci\u00f3n necesaria para el cumplimiento de obligaciones tributarias;<\/li><\/ol>\n\n\n\n<ol class=\"wp-block-list\" type=\"a\" start=\"3\"><li>Actualizaci\u00f3n del proceso de archivo, de sistemas y de custodia de la informaci\u00f3n y de las Bases de Datos;<\/li><\/ol>\n\n\n\n<ol class=\"wp-block-list\" type=\"a\" start=\"4\"><li>Ofrecer sus servicios de acuerdo con el objeto social;<\/li><\/ol>\n\n\n\n<ol class=\"wp-block-list\" type=\"a\" start=\"5\"><li>Tener el registro de los clientes, empleados, exempleados y aliados comerciales;<\/li><\/ol>\n\n\n\n<ol class=\"wp-block-list\" type=\"a\" start=\"6\"><li>Promocionar servicios prestados;<\/li><\/ol>\n\n\n\n<ol class=\"wp-block-list\" type=\"a\" start=\"7\"><li>Enviar informaci\u00f3n de inter\u00e9s, temas de actualidad y\/o documentos hechos por Preciado Abogados;<\/li><\/ol>\n\n\n\n<ol class=\"wp-block-list\" type=\"a\" start=\"8\"><li>Promocionar eventos de inter\u00e9s, o congresos;<\/li><\/ol>\n\n\n\n<ol class=\"wp-block-list\" type=\"a\" start=\"9\"><li>Realizar actividades encaminadas la verificaci\u00f3n, control y prevenci\u00f3n de actividades relacionadas con fraude o lavado de activos.<\/li><\/ol>\n\n\n\n<ol class=\"wp-block-list\" type=\"a\" start=\"10\"><li>La transmisi\u00f3n de datos a terceros con los cuales se hayan celebrado contratos con este objeto, para fines comerciales, administrativos, de mercadeo y\/u operativos, incluyendo, pero sin limitarse a la expedici\u00f3n de carnets<\/li><\/ol>\n\n\n\n<ol class=\"wp-block-list\" type=\"a\" start=\"11\"><li>Todas las dem\u00e1s finalidades que determine el Responsable del Tratamiento en el desarrollo del objeto social de Preciado Abogados.<\/li><\/ol>\n\n\n\n<p><\/p>\n\n\n\n<p><em><strong>Responsable del Tratamiento.-<\/strong><\/em><\/p>\n\n\n\n<p>El Responsable del Tratamiento de las Bases de Datos objeto de esta pol\u00edtica es Preciado Abogados. El Responsable del Tratamiento de datos podr\u00e1 ser contactado en la direcci\u00f3n f\u00edsica Calle 75 No. 5 -59, Piso 5, direcci\u00f3n electr\u00f3nica <a href=\"mailto:alpre@albertopreciado.com\">alpre@albertopreciado.com<\/a> y tel\u00e9fono (571) 7447888. Preciado Abogados designa al area administrativa, como la encargada del Tratamiento de los datos personales.<\/p>\n\n\n\n<p><em><strong>Derechos del Titular de los Datos Personales.-<\/strong><\/em><\/p>\n\n\n\n<p>La atenci\u00f3n a los titulares de datos personales ser\u00e1 prestada por la Directora Administrativa, en el correo electr\u00f3nico <a href=\"mailto:alpre@albertopreciado.com\">alpre@albertopreciado.com<\/a> y tel\u00e9fono (571) 7447888. De conformidad con el Art\u00edculo 8 de la ley 1581 de 2012, el Titular de los Datos Personales tendr\u00e1 los siguientes derechos:<\/p>\n\n\n\n<p>a) Conocer, actualizar y rectificar sus Datos Personales frente a los Responsables del Tratamiento o Encargados del Tratamiento. Este derecho se podr\u00e1 ejercer, entre otros frente a datos parciales, inexactos, incompletos, fraccionados, que induzcan a error, o aquellos cuyo tratamiento est\u00e9 expresamente prohibido o no haya sido autorizado;<\/p>\n\n\n\n<p>b) Solicitar prueba de la Autorizaci\u00f3n otorgada al Responsable del Tratamiento salvo que la ley indique que no es necesaria;<\/p>\n\n\n\n<p>c) Ser informado por el Responsable del Tratamiento o el Encargado del Tratamiento, previa solicitud, respecto del uso que le ha dado a sus datos personales;<\/p>\n\n\n\n<p>d) Presentar ante la Superintendencia de Industria y Comercio quejas por infracciones a la ley;<\/p>\n\n\n\n<p>e) Revocar la Autorizaci\u00f3n y\/o solicitar la supresi\u00f3n del Dato Personal cuando en el Tratamiento no se respeten los principios, derechos y garant\u00edas constitucionales y legales. La revocatoria y\/o supresi\u00f3n proceder\u00e1 cuando la Superintendencia de Industria y Comercio haya determinado que en el Tratamiento el Responsable del Tratamiento o el Encargado del Tratamiento han incurrido en conductas contrarias a la ley;<\/p>\n\n\n\n<p>f) Acceder en forma gratuita a sus Datos Personales que hayan sido objeto de Tratamiento.<\/p>\n\n\n\n<p>g) El Titular tiene derecho a que sus Datos Personales sean actualizados, rectificados o suprimidos, de tal manera que satisfagan los prop\u00f3sitos del tratamiento.<\/p>\n\n\n\n<p><em><strong>Procedimientos para ejercer los derechos del titular.-<\/strong><\/em><\/p>\n\n\n\n<p>De conformidad con los Art\u00edculos 14 y 15 de la Ley 1581 de 2012, los titulares de los datos podr\u00e1n ejercer sus derechos de consultas y reclamos, as\u00ed:<\/p>\n\n\n\n<p>Consultas:<\/p>\n\n\n\n<p>Los Titulares o sus causahabientes podr\u00e1n consultar la informaci\u00f3n personal del Titular que repose en cualquiera de nuestras Bases de Datos. Preciado Abogados, les suministrar\u00e1 toda la informaci\u00f3n contenida en el registro individual o que est\u00e9 vinculada con la identificaci\u00f3n del Titular.<\/p>\n\n\n\n<p>La consulta deber\u00e1 ser formulada a trav\u00e9s del correo electr\u00f3nico <a href=\"mailto:alpre@albertopreciado.com\">alpre@albertopreciado.com<\/a>, indicando en el asunto el derecho que desea ejercer sobre sus datos personales.<\/p>\n\n\n\n<p>La consulta ser\u00e1 atendida en un t\u00e9rmino m\u00e1ximo de diez (10) d\u00edas h\u00e1biles contados a partir de la fecha de recibo de la misma. Cuando no fuere posible atender la consulta dentro de dicho t\u00e9rmino, se informar\u00e1 al interesado, expresando los motivos de la demora y se\u00f1alando la fecha en que se atender\u00e1 su consulta, la cual en ning\u00fan caso podr\u00e1 superar los cinco (5) d\u00edas h\u00e1biles siguientes al vencimiento del primer t\u00e9rmino.<\/p>\n\n\n\n<p>Reclamos:<\/p>\n\n\n\n<p>El Titular o sus causahabientes que consideren que la informaci\u00f3n contenida en una Base de Datos debe ser objeto de correcci\u00f3n, actualizaci\u00f3n o supresi\u00f3n, o cuando adviertan el presunto incumplimiento de cualquiera de los deberes contenidos en esta ley, podr\u00e1n presentar un reclamo a Preciado Abogados, bajo las siguientes reglas:<\/p>\n\n\n\n<p>1. El reclamo se formular\u00e1 mediante solicitud dirigida a la direcci\u00f3n f\u00edsica Calle 75 No. 5 -59, Piso 5, o a la direcci\u00f3n electr\u00f3nica <a href=\"mailto:alpre@albertopreciado.com\">alpre@albertopreciado.com<\/a>, con la identificaci\u00f3n del Titular, la descripci\u00f3n de los hechos que dan lugar al reclamo, la direcci\u00f3n, y acompa\u00f1ando los documentos que se quiera hacer valer. Si el reclamo resulta incompleto, se requerir\u00e1 al interesado dentro de los cinco (5) d\u00edas siguientes a la recepci\u00f3n del reclamo para que subsane las fallas. Transcurridos dos (2) meses desde la fecha del requerimiento, sin que el solicitante presente la informaci\u00f3n requerida, se entender\u00e1 que ha desistido del reclamo.<\/p>\n\n\n\n<p>En caso de que quien reciba el reclamo no sea competente para resolverlo, dar\u00e1 traslado a quien corresponda en un t\u00e9rmino m\u00e1ximo de dos (2) d\u00edas h\u00e1biles e informar\u00e1 de la situaci\u00f3n al interesado.<\/p>\n\n\n\n<p>2. Una vez recibido el reclamo completo, se incluir\u00e1 en la base de datos una leyenda que diga \u00abreclamo en tr\u00e1mite\u00bb y el motivo del mismo, en un t\u00e9rmino no mayor a dos (2) d\u00edas h\u00e1biles. Dicha leyenda deber\u00e1 mantenerse hasta que el reclamo sea decidido.<\/p>\n\n\n\n<p>3. El t\u00e9rmino m\u00e1ximo para atender el reclamo ser\u00e1 de quince (15) d\u00edas h\u00e1biles contados a partir del d\u00eda siguiente a la fecha de su recibo. Cuando no fuere posible atender el reclamo dentro de dicho t\u00e9rmino, se informar\u00e1 al interesado los motivos de la demora y la fecha en que se atender\u00e1 su reclamo, la cual en ning\u00fan caso podr\u00e1 superar los ocho (8) d\u00edas h\u00e1biles siguientes al vencimiento del primer t\u00e9rmino.<\/p>\n\n\n\n<p><em>Vigencia.-<\/em><\/p>\n\n\n\n<p>La presente Pol\u00edtica de Tratamiento de Datos Personales rige a partir de junio de 2020. Las bases de datos responsabilidad de Preciado Abogados, ser\u00e1n objeto de tratamiento durante el tiempo que sea razonable y necesario para cumplir con la finalidad por la que fueron recolectados.<\/p>\n","protected":false},"excerpt":{"rendered":"<p>T\u00c9RMINOS Y CONDICIONES Responsable y Encargado del Tratamiento Alcance de la Pol\u00edtica de Privacidad Definiciones Tratamiento de los Datos Personales por parte de LTM3 Uso de la Pol\u00edtica de Privacidad y Protecci\u00f3n de la Informaci\u00f3n Efectos de la Autorizaci\u00f3n Informaci\u00f3n Personal Recolectada Finalidades y Usos de la Informaci\u00f3n Derechos de los titulares de la Informaci\u00f3n [&hellip;]<\/p>\n","protected":false},"author":1,"featured_media":0,"parent":0,"menu_order":0,"comment_status":"closed","ping_status":"closed","template":"","meta":{"_seopress_robots_primary_cat":"","footnotes":""},"class_list":["post-3","page","type-page","status-publish"],"acf":[],"banner":"","_links":{"self":[{"href":"https:\/\/albertopreciado.com\/es\/wp-json\/wp\/v2\/pages\/3","targetHints":{"allow":["GET"]}}],"collection":[{"href":"https:\/\/albertopreciado.com\/es\/wp-json\/wp\/v2\/pages"}],"about":[{"href":"https:\/\/albertopreciado.com\/es\/wp-json\/wp\/v2\/types\/page"}],"author":[{"embeddable":true,"href":"https:\/\/albertopreciado.com\/es\/wp-json\/wp\/v2\/users\/1"}],"replies":[{"embeddable":true,"href":"https:\/\/albertopreciado.com\/es\/wp-json\/wp\/v2\/comments?post=3"}],"version-history":[{"count":18,"href":"https:\/\/albertopreciado.com\/es\/wp-json\/wp\/v2\/pages\/3\/revisions"}],"predecessor-version":[{"id":698,"href":"https:\/\/albertopreciado.com\/es\/wp-json\/wp\/v2\/pages\/3\/revisions\/698"}],"wp:attachment":[{"href":"https:\/\/albertopreciado.com\/es\/wp-json\/wp\/v2\/media?parent=3"}],"curies":[{"name":"wp","href":"https:\/\/api.w.org\/{rel}","templated":true}]}}