{"id":109,"date":"2020-08-15T18:50:48","date_gmt":"2020-08-15T23:50:48","guid":{"rendered":"http:\/\/albertopreciado.com\/sitio\/?page_id=109"},"modified":"2023-03-02T11:31:57","modified_gmt":"2023-03-02T16:31:57","slug":"la-firma","status":"publish","type":"page","link":"https:\/\/albertopreciado.com\/es\/la-firma\/","title":{"rendered":"La firma"},"content":{"rendered":"\n<div class=\"wp-block-spacer\" style=\"height: 40px;\" aria-hidden=\"true\">\u00a0<\/div>\n\n\n\n<figure class=\"wp-block-image size-large is-style-seal-rigth\"><img decoding=\"async\" width=\"312\" height=\"313\" src=\"http:\/\/albertopreciado.com\/sitio\/wp-content\/uploads\/2020\/08\/Sello-naranja.svg\" alt=\"\" class=\"wp-image-308\" srcset=\"https:\/\/albertopreciado.com\/wp-content\/uploads\/\/2020\/08\/Sello-naranja.svg 150w, https:\/\/albertopreciado.com\/wp-content\/uploads\/\/2020\/08\/Sello-naranja.svg 300w, https:\/\/albertopreciado.com\/wp-content\/uploads\/\/2020\/08\/Sello-naranja.svg 1024w, https:\/\/albertopreciado.com\/wp-content\/uploads\/\/2020\/08\/Sello-naranja.svg 1536w, https:\/\/albertopreciado.com\/wp-content\/uploads\/\/2020\/08\/Sello-naranja.svg 2048w, https:\/\/albertopreciado.com\/wp-content\/uploads\/\/2020\/08\/Sello-naranja.svg 312w\" sizes=\"(max-width: 312px) 100vw, 312px\" \/><\/figure>\n\n\n\n<div class=\"wp-block-columns is-layout-flex wp-container-core-columns-is-layout-9d6595d7 wp-block-columns-is-layout-flex\">\n<div class=\"wp-block-column is-layout-flow wp-block-column-is-layout-flow\">\n<div class=\"wp-block-spacer\" style=\"height: 40px;\" aria-hidden=\"true\">\u00a0<\/div>\n\n\n\n<p class=\"has-text-align-left mb-0 has-text-color has-small-font-size\" style=\"color:#4b5369\"><strong>NUESTRA<\/strong><\/p>\n\n\n\n<h2 class=\"title-after is-style-title-after wp-block-heading\">Historia<\/h2>\n\n\n\n<p>Somos una oficina de abogados establecida desde 1951, fundada por el abogado Alberto Preciado Pe\u00f1a, reconocida por prestar asesor\u00eda jur\u00eddica en asuntos de car\u00e1cter administrativo, civil, comercial y estrategias corporativas, inmobiliario, de familia, financiero, de telecomunicaciones, arbitraje y mediaci\u00f3n.<\/p>\n\n\n\n<p>Desde su fundaci\u00f3n, hemos asesorado negocios de importante impacto en la econom\u00eda nacional y transacciones relevantes para el desarrollo y crecimiento de nuestras compa\u00f1\u00edas.<\/p>\n\n\n\n<p>La firma a cargo de su socio Alberto Preciado Arbel\u00e1ez, ha logrado gran reconocimiento entre sus clientes por su profesionalismo, agilidad y responsabilidad en sus encargos profesionales.<\/p>\n<\/div>\n\n\n\n<div class=\"wp-block-column is-layout-flow wp-block-column-is-layout-flow\">\n<figure class=\"wp-block-image size-large\"><img decoding=\"async\" width=\"1024\" height=\"683\" src=\"https:\/\/albertopreciado.com\/wp-content\/uploads\/2021\/12\/DANT9718-1-1024x683.jpg\" alt=\"dant9718\" class=\"wp-image-1095\" srcset=\"https:\/\/albertopreciado.com\/wp-content\/uploads\/2021\/12\/DANT9718-1-1024x683.jpg 1024w, https:\/\/albertopreciado.com\/wp-content\/uploads\/2021\/12\/DANT9718-1-300x200.jpg 300w, https:\/\/albertopreciado.com\/wp-content\/uploads\/2021\/12\/DANT9718-1-768x512.jpg 768w, https:\/\/albertopreciado.com\/wp-content\/uploads\/2021\/12\/DANT9718-1-1536x1024.jpg 1536w, https:\/\/albertopreciado.com\/wp-content\/uploads\/2021\/12\/DANT9718-1-18x12.jpg 18w, https:\/\/albertopreciado.com\/wp-content\/uploads\/2021\/12\/DANT9718-1.jpg 1920w\" sizes=\"(max-width: 1024px) 100vw, 1024px\" \/><\/figure>\n<\/div>\n<\/div>\n\n\n\n<div class=\"wp-block-spacer\" style=\"height: 60px;\" aria-hidden=\"true\">\u00a0<\/div>\n\n\n\n<div class=\"wp-block-cover alignwide is-light\"><span aria-hidden=\"true\" class=\"wp-block-cover__background has-background-dim-100 has-background-dim\" style=\"background-color:#f4ede6\"><\/span><div class=\"wp-block-cover__inner-container is-layout-flow wp-block-cover-is-layout-flow\">\n<div class=\"wp-block-spacer\" style=\"height: 30px;\" aria-hidden=\"true\">\u00a0<\/div>\n\n\n\n<p class=\"has-text-align-center mb-0 has-text-color has-small-font-size\" style=\"color:#4b5369\"><strong>ACERCA DE<\/strong><\/p>\n\n\n\n<h2 class=\"has-text-align-center title-after-before is-style-title-after-before wp-block-heading\">NOSOTROS<\/h2>\n\n\n\n<p class=\"has-text-align-center has-text-color\" style=\"color:#4b5369\">Somos una oficina de abogados establecida desde 1951, fundada por el abogado Alberto Preciado Pe\u00f1a, reconocida por prestar asesor\u00eda jur\u00eddica en asuntos de car\u00e1cter administrativo, civil, comercial y estrategias corporativas, inmobiliario, de familia, financiero, de telecomunicaciones, arbitraje y mediaci\u00f3n.<\/p>\n\n\n\n<div class=\"wp-block-spacer\" style=\"height: 20px;\" aria-hidden=\"true\">\u00a0<\/div>\n\n\n\n<p class=\"has-text-align-center has-text-color\" style=\"color:#d66c2c;font-size:70px\"><strong>70<\/strong><\/p>\n\n\n\n<p class=\"has-text-align-center has-text-color has-normal-font-size\" style=\"color:#4b5369\"><strong>A\u00d1OS DE EXPERIENCIA<\/strong><\/p>\n\n\n\n<p>&nbsp;<\/p>\n<\/div><\/div>\n\n\n\n<div class=\"wp-block-spacer\" style=\"height: 60px;\" aria-hidden=\"true\">\u00a0<\/div>\n\n\n\n<div class=\"wp-block-columns is-layout-flex wp-container-core-columns-is-layout-9d6595d7 wp-block-columns-is-layout-flex\">\n<div class=\"wp-block-column is-layout-flow wp-block-column-is-layout-flow\">\n<figure class=\"wp-block-image size-large\"><img decoding=\"async\" width=\"543\" height=\"362\" src=\"https:\/\/albertopreciado.com\/wp-content\/uploads\/2020\/08\/Noticias-_-D.jpg\" alt=\"\" class=\"wp-image-810\" srcset=\"https:\/\/albertopreciado.com\/wp-content\/uploads\/2020\/08\/Noticias-_-D.jpg 543w, https:\/\/albertopreciado.com\/wp-content\/uploads\/2020\/08\/Noticias-_-D-300x200.jpg 300w, https:\/\/albertopreciado.com\/wp-content\/uploads\/2020\/08\/Noticias-_-D-16x12.jpg 16w\" sizes=\"(max-width: 543px) 100vw, 543px\" \/><\/figure>\n<\/div>\n\n\n\n<div class=\"wp-block-column ml-5 is-layout-flow wp-block-column-is-layout-flow\">\n<div class=\"wp-block-spacer\" style=\"height: 20px;\" aria-hidden=\"true\">\u00a0<\/div>\n\n\n\n<p class=\"has-text-align-left mb-0 has-text-color has-small-font-size\" style=\"color:#4b5369\"><strong>NUESTRA<\/strong><\/p>\n\n\n\n<h2 class=\"title-after is-style-title-after wp-block-heading\">filosof\u00eda<\/h2>\n\n\n\n<p>Somos una firma de abogados dedicada a asesorar legalmente a nuestros clientes, buscando soluciones que se adec\u00faen, de forma particular, a cada uno de ellos, bas\u00e1ndonos en los principios de la lealtad, confianza, buenas pr\u00e1cticas y seguridad. Nos caracterizamos por dar una respuesta \u00e1gil, oportuna y eficiente, de acuerdo con las necesidades de nuestros clientes. Nuestra filosof\u00eda es mantener nuestros est\u00e1ndares de calidad, a trav\u00e9s de una asesor\u00eda especializada y personalizada, lo cual logramos manteniendo el equilibrio entre nuestro n\u00famero de clientes y el tama\u00f1o de nuestra firma.<\/p>\n\n\n\n<p>Prestamos asesor\u00eda legal en las diferentes \u00e1reas del derecho y debido a la estructura de la firma y al esquema de trabajo, podemos dar soluciones integrales a las necesidades del cliente.<\/p>\n\n\n\n<p>Nuestro enfoque es considerar que inclusive los casos dif\u00edciles, tienen una soluci\u00f3n adecuada para nuestros clientes, porque vemos lo que otros no ven.<\/p>\n<\/div>\n<\/div>\n\n\n\n<div class=\"wp-block-spacer\" style=\"height: 60px;\" aria-hidden=\"true\">\u00a0<\/div>\n","protected":false},"excerpt":{"rendered":"<p>NUESTRA Historia Somos una oficina de abogados establecida desde 1951, fundada por el abogado Alberto Preciado Pe\u00f1a, reconocida por prestar asesor\u00eda jur\u00eddica en asuntos de car\u00e1cter administrativo, civil, comercial y estrategias corporativas, inmobiliario, de familia, financiero, de telecomunicaciones, arbitraje y mediaci\u00f3n. Desde su fundaci\u00f3n, hemos asesorado negocios de importante impacto en la econom\u00eda nacional y [&hellip;]<\/p>\n","protected":false},"author":1,"featured_media":0,"parent":0,"menu_order":0,"comment_status":"closed","ping_status":"closed","template":"","meta":{"_seopress_robots_primary_cat":"","footnotes":""},"class_list":["post-109","page","type-page","status-publish"],"acf":[],"banner":false,"_links":{"self":[{"href":"https:\/\/albertopreciado.com\/es\/wp-json\/wp\/v2\/pages\/109","targetHints":{"allow":["GET"]}}],"collection":[{"href":"https:\/\/albertopreciado.com\/es\/wp-json\/wp\/v2\/pages"}],"about":[{"href":"https:\/\/albertopreciado.com\/es\/wp-json\/wp\/v2\/types\/page"}],"author":[{"embeddable":true,"href":"https:\/\/albertopreciado.com\/es\/wp-json\/wp\/v2\/users\/1"}],"replies":[{"embeddable":true,"href":"https:\/\/albertopreciado.com\/es\/wp-json\/wp\/v2\/comments?post=109"}],"version-history":[{"count":34,"href":"https:\/\/albertopreciado.com\/es\/wp-json\/wp\/v2\/pages\/109\/revisions"}],"predecessor-version":[{"id":1798,"href":"https:\/\/albertopreciado.com\/es\/wp-json\/wp\/v2\/pages\/109\/revisions\/1798"}],"wp:attachment":[{"href":"https:\/\/albertopreciado.com\/es\/wp-json\/wp\/v2\/media?parent=109"}],"curies":[{"name":"wp","href":"https:\/\/api.w.org\/{rel}","templated":true}]}}