{"id":392,"date":"2020-09-01T10:46:45","date_gmt":"2020-09-01T15:46:45","guid":{"rendered":"http:\/\/abogados.shiftactive.com.co\/?page_id=392"},"modified":"2021-12-03T16:45:32","modified_gmt":"2021-12-03T21:45:32","slug":"derecho-aeronautico","status":"publish","type":"page","link":"https:\/\/albertopreciado.com\/en\/areas-de-practica\/derecho-aeronautico\/","title":{"rendered":"Aeronautical Law"},"content":{"rendered":"<div style=\"height:40px\" aria-hidden=\"true\" class=\"wp-block-spacer\"><\/div>\r\n\r\n\r\n\r\n<div style=\"height:60px\" aria-hidden=\"true\" class=\"wp-block-spacer\"><\/div>\r\n\r\n\r\n\r\n<figure class=\"wp-block-image size-large is-style-seal-rigth\"><img decoding=\"async\" width=\"312\" height=\"313\" src=\"http:\/\/albertopreciado.com\/sitio\/wp-content\/uploads\/2020\/08\/Sello-naranja.svg\" alt=\"\" class=\"wp-image-308\" srcset=\"https:\/\/albertopreciado.com\/wp-content\/uploads\/\/2020\/08\/Sello-naranja.svg 150w, https:\/\/albertopreciado.com\/wp-content\/uploads\/\/2020\/08\/Sello-naranja.svg 300w, https:\/\/albertopreciado.com\/wp-content\/uploads\/\/2020\/08\/Sello-naranja.svg 1024w, https:\/\/albertopreciado.com\/wp-content\/uploads\/\/2020\/08\/Sello-naranja.svg 1536w, https:\/\/albertopreciado.com\/wp-content\/uploads\/\/2020\/08\/Sello-naranja.svg 2048w, https:\/\/albertopreciado.com\/wp-content\/uploads\/\/2020\/08\/Sello-naranja.svg 312w\" sizes=\"(max-width: 312px) 100vw, 312px\" \/><\/figure>\r\n\r\n\r\n\r\n<div class=\"wp-block-columns is-layout-flex wp-container-core-columns-is-layout-9d6595d7 wp-block-columns-is-layout-flex\">\r\n<div class=\"wp-block-column is-layout-flow wp-block-column-is-layout-flow\">\r\n<div style=\"height:40px\" aria-hidden=\"true\" class=\"wp-block-spacer\"><\/div>\r\n\r\n\r\n\r\n<p class=\"has-text-align-left mb-0 has-text-color has-small-font-size\" style=\"color:#4b5369\"><strong>The best<\/strong><\/p>\r\n\r\n\r\n\r\n<h2 class=\"title-after is-style-title-after wp-block-heading\">DEFINITION<\/h2>\r\n\r\n\r\n\r\n<p>We have extensive experience advising foreign airlines to enter the Colombian market, in particular carrying out the registration procedures and obtaining operating permits for regular routes and non-scheduled flights, as well as litigation arising from the exercise of aeronautical activities in Colombia.<\/p>\r\n\r\n\r\n\r\n<p><br>Aeronautical law focuses on the necessary procedures to establish and\/or obtain the necessary permits for airlines to legally operate in Colombia.<\/p>\r\n<\/div>\r\n\r\n\r\n\r\n<div class=\"wp-block-column is-layout-flow wp-block-column-is-layout-flow\">\r\n<figure class=\"wp-block-image size-large\"><img decoding=\"async\" width=\"565\" height=\"377\" src=\"https:\/\/albertopreciado.com\/wp-content\/uploads\/2021\/02\/Areas-de-practica_F.jpg\" alt=\"\" class=\"wp-image-817\" srcset=\"https:\/\/albertopreciado.com\/wp-content\/uploads\/2021\/02\/Areas-de-practica_F.jpg 565w, https:\/\/albertopreciado.com\/wp-content\/uploads\/2021\/02\/Areas-de-practica_F-300x200.jpg 300w, https:\/\/albertopreciado.com\/wp-content\/uploads\/2021\/02\/Areas-de-practica_F-16x12.jpg 16w\" sizes=\"(max-width: 565px) 100vw, 565px\" \/><\/figure>\r\n<\/div>\r\n<\/div>\r\n\r\n\r\n\r\n<div style=\"height:60px\" aria-hidden=\"true\" class=\"wp-block-spacer\"><\/div>\r\n\r\n\r\n\r\n<p class=\"has-text-align-center is-style-paragraph-background is-style-with-background\"><strong>We intend to support:<\/strong><\/p>\r\n\r\n\r\n\r\n<div style=\"height:50px\" aria-hidden=\"true\" class=\"wp-block-spacer\"><\/div>\r\n\r\n\r\n\r\n<div class=\"wp-block-columns is-layout-flex wp-container-core-columns-is-layout-9d6595d7 wp-block-columns-is-layout-flex\">\r\n<div class=\"wp-block-column is-layout-flow wp-block-column-is-layout-flow\">\r\n<div class=\"wp-block-abg-bisel\"><img decoding=\"async\" src=\"https:\/\/albertopreciado.com\/wp-content\/uploads\/2020\/11\/derecho-aeronautico-2.png\"\/><div><p>Incorporation of companies and securing of operating permits.<\/p><\/div><\/div>\r\n\r\n\r\n\r\n<div class=\"wp-block-abg-bisel\"><img decoding=\"async\" src=\"https:\/\/albertopreciado.com\/wp-content\/uploads\/2020\/11\/derecho-aeronautico-2.png\"\/><div><p>Taking care of requisitions from Colombian and foreign aeronautical authorities.<\/p><\/div><\/div>\r\n<\/div>\r\n\r\n\r\n\r\n<div class=\"wp-block-column is-layout-flow wp-block-column-is-layout-flow\">\r\n<div class=\"wp-block-abg-bisel\"><img decoding=\"async\" src=\"https:\/\/albertopreciado.com\/wp-content\/uploads\/2020\/11\/derecho-aeronautico-2.png\"\/><div><p>C\u00f3mo proteger el cumplimiento de contratos de compra o arrendamiento de aeronaves<\/p><\/div><\/div>\r\n\r\n\r\n\r\n<div class=\"wp-block-abg-bisel\"><img decoding=\"async\" src=\"https:\/\/albertopreciado.com\/wp-content\/uploads\/2020\/11\/derecho-aeronautico-2.png\"\/><div><p>Application process for new domestic and international routes.<\/p><\/div><\/div>\r\n<\/div>\r\n\r\n\r\n\r\n<div class=\"wp-block-column is-layout-flow wp-block-column-is-layout-flow\">\r\n<div class=\"wp-block-abg-bisel\"><img decoding=\"async\" src=\"https:\/\/albertopreciado.com\/wp-content\/uploads\/2020\/11\/derecho-aeronautico-2.png\"\/><div><p>The procedures to be followed for purchase or lease of aircraft, and their registration and insurance.<\/p><\/div><\/div>\r\n<\/div>\r\n\r\n\r\n\r\n<div class=\"wp-block-column is-layout-flow wp-block-column-is-layout-flow\">\r\n<div class=\"wp-block-abg-bisel\"><img decoding=\"async\" src=\"https:\/\/albertopreciado.com\/wp-content\/uploads\/2020\/11\/derecho-aeronautico-2.png\"\/><div><p>Response to passenger complaints filed with the Civil Aviation Authority (Aerocivil) and the Superintendence of Industry and Trade.<\/p><\/div><\/div>\r\n<\/div>\r\n<\/div>\r\n\r\n\r\n\r\n<div class=\"wp-block-cover alignwide has-background-dim mb-0 pb-0\" style=\"background-color:#f4ede6\"><div class=\"wp-block-cover__inner-container is-layout-flow wp-block-cover-is-layout-flow\">\r\n<div class=\"wp-block-columns mb-0 is-layout-flex wp-container-core-columns-is-layout-9d6595d7 wp-block-columns-is-layout-flex\">\r\n<div class=\"wp-block-column mb-0 is-layout-flow wp-block-column-is-layout-flow\">\r\n<div style=\"height:60px\" aria-hidden=\"true\" class=\"wp-block-spacer\"><\/div>\r\n\r\n\r\n\r\n<p class=\"has-text-align-left mb-0 has-text-color has-small-font-size\" style=\"color:#4b5369\"><strong>OUR<\/strong><\/p>\r\n\r\n\r\n\r\n<h2 class=\"title-after is-style-title-after wp-block-heading\">OBJETIVES<\/h2>\r\n\r\n\r\n\r\n<div style=\"height:60px\" aria-hidden=\"true\" class=\"wp-block-spacer\"><\/div>\r\n\r\n\r\n\r\n<div class=\"wp-block-group\"><div class=\"wp-block-group__inner-container is-layout-flow wp-block-group-is-layout-flow\">\r\n<ul class=\"text-align-justify wp-block-list\"><li><strong>To inform the requirements established by aeronautical and government authorities for an airline to operate in Colombia and to maintain its operating permits effective.<\/strong><\/li><li><strong>To indicate how to meet requirements dealing with users and\/or passengers\u2019 complaints regarding problems with schedules, staff or luggage.<\/strong><\/li><\/ul>\r\n<\/div><\/div>\r\n\r\n\r\n\r\n<div style=\"height:60px\" aria-hidden=\"true\" class=\"wp-block-spacer\"><\/div>\r\n\r\n\r\n\r\n<div class=\"wp-block-buttons aligncenter is-layout-flex wp-block-buttons-is-layout-flex\">\r\n<div class=\"wp-block-button\"><a class=\"wp-block-button__link\" href=\"https:\/\/albertopreciado.com\/en\/contacto\/\">WE HELP YOU<\/a><\/div>\r\n<\/div>\r\n\r\n\r\n\r\n<div style=\"height:60px\" aria-hidden=\"true\" class=\"wp-block-spacer\"><\/div>\r\n<\/div>\r\n\r\n\r\n\r\n<div class=\"wp-block-column mb-0 is-layout-flow wp-block-column-is-layout-flow\"><\/div>\r\n<\/div>\r\n<\/div><\/div>","protected":false},"excerpt":{"rendered":"<p>LA MEJOR definici\u00f3n Contamos con amplia experiencia asesorando aerol\u00edneas extranjeras para entrar en el mercado colombiano, en particular llevando a cabo los procedimientos de registro y obtenci\u00f3n de permisos de operaci\u00f3n para las rutas regulares y los vuelos no regulares, as\u00ed como de los litigios que sobrevengan del ejercicio de la actividad aeron\u00e1utica en Colombia. [&hellip;]<\/p>","protected":false},"author":1,"featured_media":1096,"parent":149,"menu_order":1,"comment_status":"closed","ping_status":"closed","template":"","meta":{"_seopress_robots_primary_cat":"","footnotes":""},"class_list":["post-392","page","type-page","status-publish","has-post-thumbnail"],"acf":[],"banner":false,"_links":{"self":[{"href":"https:\/\/albertopreciado.com\/en\/wp-json\/wp\/v2\/pages\/392","targetHints":{"allow":["GET"]}}],"collection":[{"href":"https:\/\/albertopreciado.com\/en\/wp-json\/wp\/v2\/pages"}],"about":[{"href":"https:\/\/albertopreciado.com\/en\/wp-json\/wp\/v2\/types\/page"}],"author":[{"embeddable":true,"href":"https:\/\/albertopreciado.com\/en\/wp-json\/wp\/v2\/users\/1"}],"replies":[{"embeddable":true,"href":"https:\/\/albertopreciado.com\/en\/wp-json\/wp\/v2\/comments?post=392"}],"version-history":[{"count":20,"href":"https:\/\/albertopreciado.com\/en\/wp-json\/wp\/v2\/pages\/392\/revisions"}],"predecessor-version":[{"id":820,"href":"https:\/\/albertopreciado.com\/en\/wp-json\/wp\/v2\/pages\/392\/revisions\/820"}],"up":[{"embeddable":true,"href":"https:\/\/albertopreciado.com\/en\/wp-json\/wp\/v2\/pages\/149"}],"wp:featuredmedia":[{"embeddable":true,"href":"https:\/\/albertopreciado.com\/en\/wp-json\/wp\/v2\/media\/1096"}],"wp:attachment":[{"href":"https:\/\/albertopreciado.com\/en\/wp-json\/wp\/v2\/media?parent=392"}],"curies":[{"name":"wp","href":"https:\/\/api.w.org\/{rel}","templated":true}]}}