{"id":386,"date":"2020-09-01T10:38:13","date_gmt":"2020-09-01T15:38:13","guid":{"rendered":"http:\/\/abogados.shiftactive.com.co\/?page_id=386"},"modified":"2021-12-03T16:49:26","modified_gmt":"2021-12-03T21:49:26","slug":"derecho-inmobiliario-y-de-infraestructura","status":"publish","type":"page","link":"https:\/\/albertopreciado.com\/en\/areas-de-practica\/derecho-inmobiliario-y-de-infraestructura\/","title":{"rendered":"Real Estate and Infraestructure Law"},"content":{"rendered":"<div style=\"height:40px\" aria-hidden=\"true\" class=\"wp-block-spacer\"><\/div>\r\n\r\n\r\n\r\n<div style=\"height:60px\" aria-hidden=\"true\" class=\"wp-block-spacer\"><\/div>\r\n\r\n\r\n\r\n<figure class=\"wp-block-image size-large is-style-seal-rigth\"><img decoding=\"async\" width=\"312\" height=\"313\" src=\"http:\/\/albertopreciado.com\/sitio\/wp-content\/uploads\/2020\/08\/Sello-naranja.svg\" alt=\"\" class=\"wp-image-308\" srcset=\"https:\/\/albertopreciado.com\/wp-content\/uploads\/\/2020\/08\/Sello-naranja.svg 150w, https:\/\/albertopreciado.com\/wp-content\/uploads\/\/2020\/08\/Sello-naranja.svg 300w, https:\/\/albertopreciado.com\/wp-content\/uploads\/\/2020\/08\/Sello-naranja.svg 1024w, https:\/\/albertopreciado.com\/wp-content\/uploads\/\/2020\/08\/Sello-naranja.svg 1536w, https:\/\/albertopreciado.com\/wp-content\/uploads\/\/2020\/08\/Sello-naranja.svg 2048w, https:\/\/albertopreciado.com\/wp-content\/uploads\/\/2020\/08\/Sello-naranja.svg 312w\" sizes=\"(max-width: 312px) 100vw, 312px\" \/><\/figure>\r\n\r\n\r\n\r\n<div class=\"wp-block-columns is-layout-flex wp-container-core-columns-is-layout-9d6595d7 wp-block-columns-is-layout-flex\">\r\n<div class=\"wp-block-column is-layout-flow wp-block-column-is-layout-flow\">\r\n<div style=\"height:40px\" aria-hidden=\"true\" class=\"wp-block-spacer\"><\/div>\r\n\r\n\r\n\r\n<p class=\"has-text-align-left mb-0 has-text-color has-small-font-size\" style=\"color:#4b5369\"><strong>The best<\/strong><\/p>\r\n\r\n\r\n\r\n<h2 class=\"title-after is-style-title-after wp-block-heading\">DEFINITION<\/h2>\r\n\r\n\r\n\r\n<p>In Colombia, the purchase and sale of a property is often accomplished without the foresight or advice of a legal counsel. Such deals may bring forth issues in their structuring, closing and formalization, due to the lack of knowledge and care upon execution of the relevant documents, as well as to ignorance of essential elements that could affect their transaction value.<br>Our aim is to advise our clients, so that as of the pre-contractual stages of real estate deals, they may ensure sound fulfillment and satisfaction of their interests and expectations, supporting them in the structuring of specific strategies.<br>The development of infrastructure in Colombia transformed the real estate business, turning it into a highly specialized activity involving different commercial actors. It is increasingly important to seek expert legal support in the structuring of real estate and infrastructure deals.<\/p>\r\n<\/div>\r\n\r\n\r\n\r\n<div class=\"wp-block-column is-layout-flow wp-block-column-is-layout-flow\">\r\n<figure class=\"wp-block-image size-large\"><img decoding=\"async\" width=\"565\" height=\"377\" src=\"https:\/\/albertopreciado.com\/wp-content\/uploads\/2021\/02\/Areas-de-practica_F.jpg\" alt=\"\" class=\"wp-image-817\" srcset=\"https:\/\/albertopreciado.com\/wp-content\/uploads\/2021\/02\/Areas-de-practica_F.jpg 565w, https:\/\/albertopreciado.com\/wp-content\/uploads\/2021\/02\/Areas-de-practica_F-300x200.jpg 300w, https:\/\/albertopreciado.com\/wp-content\/uploads\/2021\/02\/Areas-de-practica_F-16x12.jpg 16w\" sizes=\"(max-width: 565px) 100vw, 565px\" \/><\/figure>\r\n<\/div>\r\n<\/div>\r\n\r\n\r\n\r\n<div style=\"height:60px\" aria-hidden=\"true\" class=\"wp-block-spacer\"><\/div>\r\n\r\n\r\n\r\n<p class=\"has-text-align-center is-style-paragraph-background is-style-with-background\"><strong>We intend to support:<\/strong><\/p>\r\n\r\n\r\n\r\n<div style=\"height:50px\" aria-hidden=\"true\" class=\"wp-block-spacer\"><\/div>\r\n\r\n\r\n\r\n<div class=\"wp-block-columns is-layout-flex wp-container-core-columns-is-layout-9d6595d7 wp-block-columns-is-layout-flex\">\r\n<div class=\"wp-block-column is-layout-flow wp-block-column-is-layout-flow\">\r\n<div class=\"wp-block-abg-bisel\"><img decoding=\"async\" src=\"https:\/\/albertopreciado.com\/wp-content\/uploads\/2020\/11\/derecho-inmobiliario-2.png\"\/><div><p>Analysis and structuring of real estate deals, for each particular case.<\/p><\/div><\/div>\r\n\r\n\r\n\r\n<div class=\"wp-block-abg-bisel\"><img decoding=\"async\" src=\"https:\/\/albertopreciado.com\/wp-content\/uploads\/2020\/11\/derecho-inmobiliario-2.png\"\/><div><p>Advice in the process of real estate purchases by public entities.<\/p><\/div><\/div>\r\n<\/div>\r\n\r\n\r\n\r\n<div class=\"wp-block-column is-layout-flow wp-block-column-is-layout-flow\">\r\n<div class=\"wp-block-abg-bisel\"><img decoding=\"async\" src=\"https:\/\/albertopreciado.com\/wp-content\/uploads\/2020\/11\/derecho-inmobiliario-2.png\"\/><div><p>Preparation of contracts for future sale, drafts of purchase-sale Public Deeds; easements; payments in kind and donations.<\/p><\/div><\/div>\r\n\r\n\r\n\r\n<div class=\"wp-block-abg-bisel\"><img decoding=\"async\" src=\"https:\/\/albertopreciado.com\/wp-content\/uploads\/2020\/11\/derecho-inmobiliario-2.png\"\/><div><p>Registration and structuring of foreign investments.<\/p><\/div><\/div>\r\n<\/div>\r\n\r\n\r\n\r\n<div class=\"wp-block-column is-layout-flow wp-block-column-is-layout-flow\">\r\n<div class=\"wp-block-abg-bisel\"><img decoding=\"async\" src=\"https:\/\/albertopreciado.com\/wp-content\/uploads\/2020\/11\/derecho-inmobiliario-2.png\"\/><div><p>Preparation and negotiation of lease agreements and concession contracts for commercial spaces.<\/p><\/div><\/div>\r\n\r\n\r\n\r\n<div class=\"wp-block-abg-bisel\"><img decoding=\"async\" src=\"https:\/\/albertopreciado.com\/wp-content\/uploads\/2020\/11\/derecho-inmobiliario-2.png\"\/><div><p>Establishment of stand-alone trusts with reputable trust companies to warrant installment collection and the implied management and investment.<\/p><\/div><\/div>\r\n<\/div>\r\n\r\n\r\n\r\n<div class=\"wp-block-column is-layout-flow wp-block-column-is-layout-flow\">\r\n<div class=\"wp-block-abg-bisel\"><img decoding=\"async\" src=\"https:\/\/albertopreciado.com\/wp-content\/uploads\/2020\/11\/derecho-inmobiliario-2.png\"\/><div><p>Preparation and negotiation of real estate collaterals (pledges, mortgages, etc.).<\/p><\/div><\/div>\r\n<\/div>\r\n<\/div>\r\n\r\n\r\n\r\n<div class=\"wp-block-cover alignwide has-background-dim mb-0 pb-0\" style=\"background-color:#f4ede6\"><div class=\"wp-block-cover__inner-container is-layout-flow wp-block-cover-is-layout-flow\">\r\n<div class=\"wp-block-columns mb-0 is-layout-flex wp-container-core-columns-is-layout-9d6595d7 wp-block-columns-is-layout-flex\">\r\n<div class=\"wp-block-column mb-0 is-layout-flow wp-block-column-is-layout-flow\">\r\n<div style=\"height:60px\" aria-hidden=\"true\" class=\"wp-block-spacer\"><\/div>\r\n\r\n\r\n\r\n<p class=\"has-text-align-left mb-0 has-text-color has-small-font-size\" style=\"color:#4b5369\"><strong>OUR<\/strong><\/p>\r\n\r\n\r\n\r\n<h2 class=\"title-after is-style-title-after wp-block-heading\">OBJETIVES<\/h2>\r\n\r\n\r\n\r\n<div style=\"height:60px\" aria-hidden=\"true\" class=\"wp-block-spacer\"><\/div>\r\n\r\n\r\n\r\n<ul class=\"text-align-justify wp-block-list\"><li><strong>To indicate how to cope with situations in the event of being a crime victim.<\/strong><\/li><li><strong>To illustrate how to be sure about the history or background of a property.<\/strong><\/li><\/ul>\r\n\r\n\r\n\r\n<div style=\"height:60px\" aria-hidden=\"true\" class=\"wp-block-spacer\"><\/div>\r\n\r\n\r\n\r\n<div class=\"wp-block-buttons aligncenter is-layout-flex wp-block-buttons-is-layout-flex\">\r\n<div class=\"wp-block-button\"><a class=\"wp-block-button__link\" href=\"https:\/\/albertopreciado.com\/en\/contacto\/\">WE HELP YOU<\/a><\/div>\r\n<\/div>\r\n\r\n\r\n\r\n<div style=\"height:60px\" aria-hidden=\"true\" class=\"wp-block-spacer\"><\/div>\r\n\r\n\r\n\r\n<p><\/p>\r\n<\/div>\r\n\r\n\r\n\r\n<div class=\"wp-block-column mb-0 is-layout-flow wp-block-column-is-layout-flow\"><\/div>\r\n<\/div>\r\n<\/div><\/div>","protected":false},"excerpt":{"rendered":"<p>LA MEJOR definici\u00f3n Colombia, la compra y venta de un inmueble en muchas ocasiones se ejecuta sin la previsi\u00f3n o asesoramiento de un abogado. Estos negocios pueden presentar problemas en su estructuraci\u00f3n, formalizaci\u00f3n y ejecuci\u00f3n, debido a la falta de conocimiento y cuidado al celebrarlos, por desconocimiento de elementos esenciales que pueden afectar su valor.Buscamos [&hellip;]<\/p>","protected":false},"author":1,"featured_media":1092,"parent":149,"menu_order":1,"comment_status":"closed","ping_status":"closed","template":"","meta":{"_seopress_robots_primary_cat":"","footnotes":""},"class_list":["post-386","page","type-page","status-publish","has-post-thumbnail"],"acf":[],"banner":false,"_links":{"self":[{"href":"https:\/\/albertopreciado.com\/en\/wp-json\/wp\/v2\/pages\/386","targetHints":{"allow":["GET"]}}],"collection":[{"href":"https:\/\/albertopreciado.com\/en\/wp-json\/wp\/v2\/pages"}],"about":[{"href":"https:\/\/albertopreciado.com\/en\/wp-json\/wp\/v2\/types\/page"}],"author":[{"embeddable":true,"href":"https:\/\/albertopreciado.com\/en\/wp-json\/wp\/v2\/users\/1"}],"replies":[{"embeddable":true,"href":"https:\/\/albertopreciado.com\/en\/wp-json\/wp\/v2\/comments?post=386"}],"version-history":[{"count":12,"href":"https:\/\/albertopreciado.com\/en\/wp-json\/wp\/v2\/pages\/386\/revisions"}],"predecessor-version":[{"id":819,"href":"https:\/\/albertopreciado.com\/en\/wp-json\/wp\/v2\/pages\/386\/revisions\/819"}],"up":[{"embeddable":true,"href":"https:\/\/albertopreciado.com\/en\/wp-json\/wp\/v2\/pages\/149"}],"wp:featuredmedia":[{"embeddable":true,"href":"https:\/\/albertopreciado.com\/en\/wp-json\/wp\/v2\/media\/1092"}],"wp:attachment":[{"href":"https:\/\/albertopreciado.com\/en\/wp-json\/wp\/v2\/media?parent=386"}],"curies":[{"name":"wp","href":"https:\/\/api.w.org\/{rel}","templated":true}]}}