{"id":2,"date":"2020-08-10T01:37:34","date_gmt":"2020-08-10T06:37:34","guid":{"rendered":"http:\/\/albertopreciado.com\/sitio\/?page_id=2"},"modified":"2023-01-19T16:53:44","modified_gmt":"2023-01-19T21:53:44","slug":"home","status":"publish","type":"page","link":"https:\/\/albertopreciado.com\/en\/","title":{"rendered":"Preciado Abogados"},"content":{"rendered":"<style>\n\t\t.jw-block{\n\t\t\tmin-height: 0px;\n\t\t\tpadding: 0;\n\t\t\tborder-top:1px solid rgb(214, 108, 44);\n\t\t}\n\t\t.jwm_slider_home{\n\t\t\twidth:100%;\n\t\t}\n\t\t.jwm_slider_home .slide_indv{\n\t\t\talign-items: center; \n\t\t\tbackground-position: center;\n\t\t\tbackground-size: cover;\n\t\t\tdisplay:flex!important; \n\t\t\tmin-height:460px; \n\t\t\tposition:relative;\n\t\t}\n\t\t.jwm_slider_home .slide_indv .slide_indv_cont{\n\t\t\tmargin: 0 auto;\n\t\t\tmax-width: 1500px;\n\t\t\tposition:relative;\n\t\t\twidth: calc(100% - 80px);\n\t\t}\n\t\t.jwm_slider_home .slick-track {\n\t\t\tbackground: #2f2f2f;\n\t\t}\n\t\t.jwm_slider_home .slick-dotted.slick-slider{\n\t\t\tmargin-bottom:0;\n\t\t}\n\t\t.jwm_slider_home .slide_indv .slide_indv_cont h2{\n\t\t\tcolor: #f4ede6!important;\n\t\t\tfont-size: 38px;\n\t\t\tmargin: 0 0 20px;\n\t\t\tmax-width: 700px;\n\t\t}\n\t\t.jwm_slider_home .slide_indv .slide_indv_cont h2 a{\n\t\t\tcolor: #f4ede6!important;\n\t\t\ttext-decoration:none;\n\t\t}\n\t\t.jwm_slider_home .slide_indv .slide_indv_cont h4{\n\t\t\tcolor:#f4ede6!important; \n\t\t}\n\t\t.jwm_slider_home .slide_indv .slide_indv_cont p{\n\t\t\tcolor:#fff;\n\t\t}\n\t\t.jwm_slider_home .slide_indv .slide_indv_cont a{\n\t\t\tcolor:#d66c2c;\n\t\t}\n\t\t.jwm_slider_home .slide_indv .slide_capa_azul{\n\t\t\tbackground-color: #353d4c;\n\t\t\theight: 100%;\n\t\t\tmix-blend-mode: multiply;\n\t\t\topacity: 0.9;\n\t\t\tposition: absolute;\n\t\t\twidth: 100%;\n\t\t}\n\n\t\t.btn_ant{\n\t\t\tcolor: #fff;\n\t\t\tcursor:pointer;\n\t\t\tfont-size: 30px;\n\t\t\tleft: 10px;\n\t\t\tposition: absolute;\n\t\t\ttop: calc(50% - 15px);\n\t\t\tz-index: 100;\n\t\t}\n\t\t\n\t\t.btn_sig{\n\t\t\tcolor: #fff;\n\t\t\tcursor:pointer;\n\t\t\tfont-size: 30px;\n\t\t\tright: 10px;\n\t\t\tposition: absolute;\n\t\t\ttop: calc(50% - 15px);\n\t\t\tz-index: 100;\n\t\t}\n\n\t\t.slick-dots {\n\t\t\tbottom: 8px;\n\t\t\tz-index: 10000;\n\t\t}\n\n\t\t.slick-dots li button {\n\t\t\tbackground: #efefee;\n\t\t\tborder-radius: 0;\n\t\t\theight: 5px;\n\t\t\tpadding: 0;\n\t\t}\n\n\t\t.slick-dots li.slick-active button {\n\t\t\theight:10px;\n\t\t}\n\n\t\t.slick-dots li button:before{\n\t\t\tcontent:none;\n\t\t}\n\n\t\t@media screen and (max-width:768px){\n\t\t\t.jwm_slider_home .slide_indv .slide_indv_cont h2 {\n\t\t\t\tfont-size: 24px;\n\t\t\t}\n\t\t\t.jwm_slider_home .slide_indv .slide_indv_cont h4 {\n\t\t\t\tfont-size: 16px;\n\t\t\t}\n\t\t}\n\n\t\t<\/style>\n\t\n\t<div class=\"wp-block-cover alignwide is-light jw-block\">\n\t\t<div class=\"jwm_slider_home\">\n\t\t\t<div class=\"slider_cont sick_slider_home\">\t\n\t\t\t\t<div class=\"slide_indv\" style=\"background-image:url(https:\/\/albertopreciado.com\/wp-content\/uploads\/2023\/08\/DANT9718.jpg);\">\n\t\t\t\t\t<div class=\"slide_capa_azul\"><\/div>\n\t\t\t\t\t<div class=\"slide_indv_cont\">\n\t\t\t\t\t\t<h2><a href=\"https:\/\/albertopreciado.com\/en\/la-firma\/\">La Firma<\/a><\/h2>\n\t\t\t\t\t\t<p><a href=\"https:\/\/albertopreciado.com\/en\/la-firma\/\"><span>Lee m\u00e1s<\/span> <i class=\"fa-solid fa-arrow-right\"><\/i><\/a><\/p>\n\t\t\t\t\t<\/div>\n\t\t\t\t<\/div>\t\n\t\t\t<div class=\"slide_indv\" style=\"background-image:url(https:\/\/albertopreciado.com\/wp-content\/uploads\/2026\/03\/NOTICIA-1.png);\">\n\t\t\t\t<div class=\"slide_capa_azul\"><\/div>\n\t\t\t\t<div class=\"slide_indv_cont\">\n\t\t\t\t\t<h4>News<\/h4>\n\t\t\t\t\t<h2><a href=\"https:\/\/albertopreciado.com\/en\/actualidad\/corte-suprema-de-justicia-precisa-que-la-muerte-no-constituye-condicion-en-el-fideicomiso-civil\/\">Corte Suprema de Justicia precisa que la muerte no constituye condici\u00f3n en el fideicomiso civil<\/a><\/h2>\n\t\t\t\t\t<p><a href=\"https:\/\/albertopreciado.com\/en\/actualidad\/corte-suprema-de-justicia-precisa-que-la-muerte-no-constituye-condicion-en-el-fideicomiso-civil\/\"><span>Lee m\u00e1s<\/span> <i class=\"fa-solid fa-arrow-right\"><\/i><\/a><\/p>\n\t\t\t\t<\/div>\n\t\t\t<\/div>\t\n\t\t\t<div class=\"slide_indv\" style=\"background-image:url(https:\/\/albertopreciado.com\/wp-content\/uploads\/2026\/02\/NOTICIA.png);\">\n\t\t\t\t<div class=\"slide_capa_azul\"><\/div>\n\t\t\t\t<div class=\"slide_indv_cont\">\n\t\t\t\t\t<h4>Blog<\/h4>\n\t\t\t\t\t<h2><a href=\"https:\/\/albertopreciado.com\/en\/la-ley-sarita-un-paso-decisivo-para-agilizar-el-cobro-de-alimentos-a-favor-de-menores\/\">La \u201cLey Sarita\u201d, un paso decisivo para agilizar el cobro de alimentos a favor de menores<\/a><\/h2>\n\t\t\t\t\t<p><a href=\"https:\/\/albertopreciado.com\/en\/la-ley-sarita-un-paso-decisivo-para-agilizar-el-cobro-de-alimentos-a-favor-de-menores\/\"><span>Lee m\u00e1s<\/span> <i class=\"fa-solid fa-arrow-right\"><\/i><\/a><\/p>\n\t\t\t\t<\/div>\n\t\t\t<\/div>\n\t\t\t<\/div>\n\t\t<\/div>\n\t<\/div>\n\t\n\n\n\n<div class=\"wp-block-cover alignwide is-light\"><span aria-hidden=\"true\" class=\"wp-block-cover__background has-background-dim-100 has-background-dim\" style=\"background-color:#f4ede6\"><\/span><div class=\"wp-block-cover__inner-container is-layout-flow wp-block-cover-is-layout-flow\">\n<div class=\"wp-block-spacer\" style=\"height: 30px;\" aria-hidden=\"true\">\u00a0<\/div>\n\n\n\n<h1 class=\"has-text-align-center wp-block-heading\" id=\"preciado-abogados\">Preciado Abogados<\/h1>\n\n\n\n<p class=\"has-text-align-center mb-0 has-text-color has-small-font-size\" style=\"color:#4b5369\"><strong>ABOUT<\/strong><\/p>\n\n\n\n<h2 class=\"has-text-align-center title-after-before is-style-title-after-before wp-block-heading\" id=\"nosotros\">US<\/h2>\n\n\n\n<p class=\"has-text-align-center has-text-color\" style=\"color:#4b5369\">PRECIADO ABOGADOS is a law firm established in 1951 founded by attorney-at-law Alberto Preciado Pe\u00f1a, renowned for providing technical advice in matters dealing with administrative, civil, commercial, real estate, family, financial, telecommunications, arbitrage and mediation matters.<\/p>\n\n\n\n<div class=\"wp-block-spacer\" style=\"height: 20px;\" aria-hidden=\"true\">\u00a0<\/div>\n\n\n\n<div class=\"wp-block-columns is-layout-flex wp-container-core-columns-is-layout-9d6595d7 wp-block-columns-is-layout-flex\">\n<div class=\"wp-block-column is-layout-flow wp-block-column-is-layout-flow\">\n<p class=\"has-text-align-center has-text-color\" style=\"color:#d66c2c;font-size:70px\">70<\/p>\n\n\n\n<p class=\"has-text-align-center has-text-color has-normal-font-size\" style=\"color:#4b5369\"><strong>years of <\/strong><strong>experience<\/strong><\/p>\n<\/div>\n<\/div>\n\n\n\n<p>&nbsp;<\/p>\n<\/div><\/div>\n\n\n\n<figure class=\"wp-block-image size-large is-style-seal is-style-seal-rigth\"><img decoding=\"async\" width=\"312\" height=\"313\" src=\"http:\/\/albertopreciado.com\/sitio\/wp-content\/uploads\/2020\/08\/Sello-naranja.svg\" alt=\"\" class=\"wp-image-308\" srcset=\"https:\/\/albertopreciado.com\/wp-content\/uploads\/\/2020\/08\/Sello-naranja.svg 150w, https:\/\/albertopreciado.com\/wp-content\/uploads\/\/2020\/08\/Sello-naranja.svg 300w, https:\/\/albertopreciado.com\/wp-content\/uploads\/\/2020\/08\/Sello-naranja.svg 1024w, https:\/\/albertopreciado.com\/wp-content\/uploads\/\/2020\/08\/Sello-naranja.svg 1536w, https:\/\/albertopreciado.com\/wp-content\/uploads\/\/2020\/08\/Sello-naranja.svg 2048w, https:\/\/albertopreciado.com\/wp-content\/uploads\/\/2020\/08\/Sello-naranja.svg 312w\" sizes=\"(max-width: 312px) 100vw, 312px\" \/><\/figure>\n\n\n\n<div class=\"wp-block-spacer\" style=\"height: 50px;\" aria-hidden=\"true\">\u00a0<\/div>\n\n\n\n<div class=\"wp-block-columns is-layout-flex wp-container-core-columns-is-layout-9d6595d7 wp-block-columns-is-layout-flex\">\n<div class=\"wp-block-column order-2-movil is-layout-flow wp-block-column-is-layout-flow\">\n<div class=\"wp-block-spacer\" style=\"height: 40px;\" aria-hidden=\"true\">\u00a0<\/div>\n\n\n\n<p class=\"has-text-align-left mb-0 has-text-color has-small-font-size\" style=\"color:#4b5369\"><strong>PRACTICE<\/strong><\/p>\n\n\n\n<h2 class=\"title-after is-style-title-after wp-block-heading\" id=\"practica\">AREAS<\/h2>\n\n\n\n<p>We reckon with a cross-functional team comprised of professionals graduated from the best Colombian Schools of Law; they are fluent in English, French, Italian, and are experts in different legal areas. They are constantly providing vital customized, efficient and timely assistance being committed with the accountability demanded by loyal practice of law for the benefit of our domestic and overseas clients.<\/p>\n<\/div>\n\n\n\n<div class=\"wp-block-column order-1-movil is-layout-flow wp-block-column-is-layout-flow\">\n<figure class=\"wp-block-image size-large\"><img decoding=\"async\" width=\"565\" height=\"377\" src=\"https:\/\/albertopreciado.com\/wp-content\/uploads\/2021\/02\/Home_Areas-de-practica-_-B.jpg\" alt=\"\" class=\"wp-image-807\" srcset=\"https:\/\/albertopreciado.com\/wp-content\/uploads\/2021\/02\/Home_Areas-de-practica-_-B.jpg 565w, https:\/\/albertopreciado.com\/wp-content\/uploads\/2021\/02\/Home_Areas-de-practica-_-B-300x200.jpg 300w, https:\/\/albertopreciado.com\/wp-content\/uploads\/2021\/02\/Home_Areas-de-practica-_-B-16x12.jpg 16w\" sizes=\"(max-width: 565px) 100vw, 565px\" \/><\/figure>\n<\/div>\n<\/div>\n\n\n\n<div class=\"wp-block-spacer\" style=\"height: 30px;\" aria-hidden=\"true\">\u00a0<\/div>\n\n\n\n<div class=\"wp-block-columns is-layout-flex wp-container-core-columns-is-layout-9d6595d7 wp-block-columns-is-layout-flex\">\n<div class=\"wp-block-column is-layout-flow wp-block-column-is-layout-flow\">\n<div class=\"wp-block-group enlace\"><div class=\"wp-block-group__inner-container is-layout-flow wp-block-group-is-layout-flow\">\n<div class=\"wp-block-cover aligncenter is-style-group-icon\" style=\"min-height:270px;aspect-ratio:unset;\"><span aria-hidden=\"true\" class=\"wp-block-cover__background has-background-dim-100 has-background-dim\" style=\"background-color:#555c71\"><\/span><div class=\"wp-block-cover__inner-container is-layout-flow wp-block-cover-is-layout-flow\"><div class=\"wp-block-image\">\n<figure class=\"aligncenter size-large\"><img decoding=\"async\" width=\"100\" height=\"105\" src=\"http:\/\/albertopreciado.com\/sitio\/wp-content\/uploads\/2020\/11\/derecho-comercial-1.png\" alt=\"\" class=\"wp-image-558\" srcset=\"https:\/\/albertopreciado.com\/wp-content\/uploads\/2020\/11\/derecho-comercial-1.png 100w, https:\/\/albertopreciado.com\/wp-content\/uploads\/2020\/11\/derecho-comercial-1-11x12.png 11w\" sizes=\"(max-width: 100px) 100vw, 100px\" \/><\/figure>\n<\/div>\n\n\n<p class=\"has-text-align-center text-sh has-white-color has-text-color\" style=\"font-size:14px\"><a href=\"https:\/\/albertopreciado.com\/en\/derecho-comercial-y-estrategias-corporativas\/\" data-type=\"URL\">Corporate Law and Corporate Strategies<\/a><\/p>\n<\/div><\/div>\n<\/div><\/div>\n\n\n\n<div class=\"wp-block-group enlace\"><div class=\"wp-block-group__inner-container is-layout-flow wp-block-group-is-layout-flow\">\n<div class=\"wp-block-cover aligncenter is-style-group-icon\" style=\"min-height:270px;aspect-ratio:unset;\"><span aria-hidden=\"true\" class=\"wp-block-cover__background has-background-dim-100 has-background-dim\" style=\"background-color:#555c71\"><\/span><div class=\"wp-block-cover__inner-container is-layout-flow wp-block-cover-is-layout-flow\"><div class=\"wp-block-image\">\n<figure class=\"aligncenter size-large\"><img decoding=\"async\" width=\"100\" height=\"105\" src=\"http:\/\/albertopreciado.com\/sitio\/wp-content\/uploads\/2020\/11\/derecho-inmobiliario-1.png\" alt=\"\" class=\"wp-image-565\" srcset=\"https:\/\/albertopreciado.com\/wp-content\/uploads\/2020\/11\/derecho-inmobiliario-1.png 100w, https:\/\/albertopreciado.com\/wp-content\/uploads\/2020\/11\/derecho-inmobiliario-1-11x12.png 11w\" sizes=\"(max-width: 100px) 100vw, 100px\" \/><\/figure>\n<\/div>\n\n\n<p class=\"has-text-align-center text-sh has-white-color has-text-color\" style=\"font-size:14px\"><a href=\"https:\/\/albertopreciado.com\/en\/areas-de-practica\/derecho-inmobiliario-y-de-infraestructura\/\" data-type=\"URL\">Real Estate and Infraestructure Law<\/a><\/p>\n<\/div><\/div>\n<\/div><\/div>\n\n\n\n<div class=\"wp-block-group enlace\"><div class=\"wp-block-group__inner-container is-layout-flow wp-block-group-is-layout-flow\">\n<div class=\"wp-block-cover aligncenter is-style-group-icon\" style=\"min-height:270px;aspect-ratio:unset;\"><span aria-hidden=\"true\" class=\"wp-block-cover__background has-background-dim-100 has-background-dim\" style=\"background-color:#555c71\"><\/span><div class=\"wp-block-cover__inner-container is-layout-flow wp-block-cover-is-layout-flow\"><div class=\"wp-block-image\">\n<figure class=\"aligncenter size-large\"><img decoding=\"async\" width=\"100\" height=\"105\" src=\"http:\/\/albertopreciado.com\/sitio\/wp-content\/uploads\/2020\/11\/litigios-arbitraje-mediacion.png\" alt=\"\" class=\"wp-image-568\" srcset=\"https:\/\/albertopreciado.com\/wp-content\/uploads\/2020\/11\/litigios-arbitraje-mediacion.png 100w, https:\/\/albertopreciado.com\/wp-content\/uploads\/2020\/11\/litigios-arbitraje-mediacion-11x12.png 11w\" sizes=\"(max-width: 100px) 100vw, 100px\" \/><\/figure>\n<\/div>\n\n\n<p class=\"has-text-align-center text-sh has-white-color has-text-color\" style=\"font-size:14px\"><a href=\"https:\/\/albertopreciado.com\/en\/areas-de-practica\/derecho-litigios-arbitraje-y-mediacion\/\">Litigation, arbitration and mediation<\/a><\/p>\n<\/div><\/div>\n<\/div><\/div>\n\n\n\n<div class=\"wp-block-group enlace\"><div class=\"wp-block-group__inner-container is-layout-flow wp-block-group-is-layout-flow\"><\/div><\/div>\n<\/div>\n\n\n\n<div class=\"wp-block-column is-layout-flow wp-block-column-is-layout-flow\">\n<div class=\"wp-block-group enlace\"><div class=\"wp-block-group__inner-container is-layout-flow wp-block-group-is-layout-flow\">\n<div class=\"wp-block-cover aligncenter is-style-group-icon\" style=\"min-height:270px;aspect-ratio:unset;\"><span aria-hidden=\"true\" class=\"wp-block-cover__background has-background-dim-100 has-background-dim\" style=\"background-color:#555c71\"><\/span><div class=\"wp-block-cover__inner-container is-layout-flow wp-block-cover-is-layout-flow\"><div class=\"wp-block-image\">\n<figure class=\"aligncenter size-large\"><img decoding=\"async\" width=\"100\" height=\"105\" src=\"http:\/\/albertopreciado.com\/sitio\/wp-content\/uploads\/2020\/11\/derecho-familia-1.png\" alt=\"\" class=\"wp-image-562\" srcset=\"https:\/\/albertopreciado.com\/wp-content\/uploads\/2020\/11\/derecho-familia-1.png 100w, https:\/\/albertopreciado.com\/wp-content\/uploads\/2020\/11\/derecho-familia-1-11x12.png 11w\" sizes=\"(max-width: 100px) 100vw, 100px\" \/><\/figure>\n<\/div>\n\n\n<p class=\"has-text-align-center text-sh has-white-color has-text-color\" style=\"font-size:14px\"><a href=\"https:\/\/albertopreciado.com\/en\/areas-de-practica\/derecho-familia\/\" data-type=\"URL\">Family Law<\/a><\/p>\n<\/div><\/div>\n<\/div><\/div>\n\n\n\n<div class=\"wp-block-group enlace\"><div class=\"wp-block-group__inner-container is-layout-flow wp-block-group-is-layout-flow\"><\/div><\/div>\n\n\n\n<div class=\"wp-block-group enlace\"><div class=\"wp-block-group__inner-container is-layout-flow wp-block-group-is-layout-flow\">\n<div class=\"wp-block-cover aligncenter is-style-group-icon\" style=\"min-height:270px;aspect-ratio:unset;\"><span aria-hidden=\"true\" class=\"wp-block-cover__background has-background-dim-100 has-background-dim\" style=\"background-color:#555c71\"><\/span><div class=\"wp-block-cover__inner-container is-layout-flow wp-block-cover-is-layout-flow\"><div class=\"wp-block-image\">\n<figure class=\"aligncenter size-large\"><img decoding=\"async\" width=\"100\" height=\"105\" src=\"https:\/\/albertopreciado.com\/wp-content\/uploads\/2020\/11\/derecho-comercial-1.png\" alt=\"\" class=\"wp-image-558\" srcset=\"https:\/\/albertopreciado.com\/wp-content\/uploads\/2020\/11\/derecho-comercial-1.png 100w, https:\/\/albertopreciado.com\/wp-content\/uploads\/2020\/11\/derecho-comercial-1-11x12.png 11w\" sizes=\"(max-width: 100px) 100vw, 100px\" \/><\/figure>\n<\/div>\n\n\n<p class=\"has-text-align-center text-sh has-white-color has-text-color\" style=\"font-size:14px\"><a href=\"https:\/\/albertopreciado.com\/en\/areas-de-practica\/derecho-tributario\/\">Tax Law<\/a><\/p>\n<\/div><\/div>\n<\/div><\/div>\n\n\n\n<div class=\"wp-block-cover aligncenter is-style-group-icon\" style=\"min-height:270px;aspect-ratio:unset;\"><span aria-hidden=\"true\" class=\"wp-block-cover__background has-background-dim-100 has-background-dim\" style=\"background-color:#555c71\"><\/span><div class=\"wp-block-cover__inner-container is-layout-flow wp-block-cover-is-layout-flow\"><div class=\"wp-block-image\">\n<figure class=\"aligncenter size-large\"><img decoding=\"async\" width=\"100\" height=\"105\" src=\"http:\/\/albertopreciado.com\/sitio\/wp-content\/uploads\/2020\/11\/probono.png\" alt=\"\" class=\"wp-image-569\" srcset=\"https:\/\/albertopreciado.com\/wp-content\/uploads\/2020\/11\/probono.png 100w, https:\/\/albertopreciado.com\/wp-content\/uploads\/2020\/11\/probono-11x12.png 11w\" sizes=\"(max-width: 100px) 100vw, 100px\" \/><\/figure>\n<\/div>\n\n\n<p class=\"has-text-align-center text-sh has-white-color has-text-color\" style=\"font-size:14px\"><a href=\"https:\/\/albertopreciado.com\/en\/areas-de-practica\/probono\/\" data-type=\"URL\">Probono<\/a><\/p>\n<\/div><\/div>\n<\/div>\n\n\n\n<div class=\"wp-block-column is-layout-flow wp-block-column-is-layout-flow\">\n<div class=\"wp-block-group enlace\"><div class=\"wp-block-group__inner-container is-layout-flow wp-block-group-is-layout-flow\">\n<div class=\"wp-block-cover aligncenter is-style-group-icon\" style=\"min-height:270px;aspect-ratio:unset;\"><span aria-hidden=\"true\" class=\"wp-block-cover__background has-background-dim-100 has-background-dim\" style=\"background-color:#555c71\"><\/span><div class=\"wp-block-cover__inner-container is-layout-flow wp-block-cover-is-layout-flow\"><div class=\"wp-block-image\">\n<figure class=\"aligncenter size-large\"><img decoding=\"async\" width=\"100\" height=\"105\" src=\"http:\/\/albertopreciado.com\/sitio\/wp-content\/uploads\/2020\/11\/derecho-laboral-1.png\" alt=\"\" class=\"wp-image-564\" srcset=\"https:\/\/albertopreciado.com\/wp-content\/uploads\/2020\/11\/derecho-laboral-1.png 100w, https:\/\/albertopreciado.com\/wp-content\/uploads\/2020\/11\/derecho-laboral-1-11x12.png 11w\" sizes=\"(max-width: 100px) 100vw, 100px\" \/><\/figure>\n<\/div>\n\n\n<p class=\"has-text-align-center text-sh has-white-color has-text-color\" style=\"font-size:14px\"><a href=\"https:\/\/albertopreciado.com\/en\/areas-de-practica\/derecho-laboral\/\" data-type=\"URL\">Labor Law<\/a><\/p>\n<\/div><\/div>\n<\/div><\/div>\n\n\n\n<div class=\"wp-block-group enlace\"><div class=\"wp-block-group__inner-container is-layout-flow wp-block-group-is-layout-flow\">\n<div class=\"wp-block-cover aligncenter is-style-group-icon\" style=\"min-height:270px;aspect-ratio:unset;\"><span aria-hidden=\"true\" class=\"wp-block-cover__background has-background-dim-100 has-background-dim\" style=\"background-color:#555c71\"><\/span><div class=\"wp-block-cover__inner-container is-layout-flow wp-block-cover-is-layout-flow\"><div class=\"wp-block-image\">\n<figure class=\"aligncenter size-large\"><img decoding=\"async\" width=\"100\" height=\"105\" src=\"http:\/\/albertopreciado.com\/sitio\/wp-content\/uploads\/2020\/11\/derecho-aeronautico.png\" alt=\"\" class=\"wp-image-567\" srcset=\"https:\/\/albertopreciado.com\/wp-content\/uploads\/2020\/11\/derecho-aeronautico.png 100w, https:\/\/albertopreciado.com\/wp-content\/uploads\/2020\/11\/derecho-aeronautico-11x12.png 11w\" sizes=\"(max-width: 100px) 100vw, 100px\" \/><\/figure>\n<\/div>\n\n\n<p class=\"has-text-align-center text-sh has-white-color has-text-color\" style=\"font-size:14px\"><a href=\"https:\/\/albertopreciado.com\/en\/areas-de-practica\/derecho-aeronautico\/\" data-type=\"URL\">Aeronautical Law<\/a><\/p>\n<\/div><\/div>\n<\/div><\/div>\n\n\n\n<div class=\"wp-block-group enlace\"><div class=\"wp-block-group__inner-container is-layout-flow wp-block-group-is-layout-flow\">\n<div class=\"wp-block-cover aligncenter is-style-group-icon\" style=\"min-height:270px;aspect-ratio:unset;\"><span aria-hidden=\"true\" class=\"wp-block-cover__background has-background-dim-100 has-background-dim\" style=\"background-color:#555c71\"><\/span><div class=\"wp-block-cover__inner-container is-layout-flow wp-block-cover-is-layout-flow\"><div class=\"wp-block-image\">\n<figure class=\"aligncenter size-large\"><img decoding=\"async\" width=\"100\" height=\"105\" src=\"http:\/\/albertopreciado.com\/sitio\/wp-content\/uploads\/2020\/11\/derecho-administrativo.png\" alt=\"\" class=\"wp-image-570\" srcset=\"https:\/\/albertopreciado.com\/wp-content\/uploads\/2020\/11\/derecho-administrativo.png 100w, https:\/\/albertopreciado.com\/wp-content\/uploads\/2020\/11\/derecho-administrativo-11x12.png 11w\" sizes=\"(max-width: 100px) 100vw, 100px\" \/><\/figure>\n<\/div>\n\n\n<p class=\"has-text-align-center text-sh has-white-color has-text-color\" style=\"font-size:14px\"><a href=\"https:\/\/albertopreciado.com\/en\/areas-de-practica\/derecho-comercial-y-estrategias-corporativas\/\">Administrative and constitutional law<\/a><\/p>\n<\/div><\/div>\n<\/div><\/div>\n<\/div>\n<\/div>\n\n\n\n<div class=\"wp-block-spacer\" style=\"height: 50px;\" aria-hidden=\"true\">\u00a0<\/div>\n\n\n\n<div class=\"wp-block-columns is-layout-flex wp-container-core-columns-is-layout-9d6595d7 wp-block-columns-is-layout-flex\">\n<div class=\"wp-block-column is-layout-flow wp-block-column-is-layout-flow\">\n<figure class=\"wp-block-image size-large\"><img decoding=\"async\" width=\"312\" height=\"313\" src=\"https:\/\/albertopreciado.com\/wp-content\/uploads\/2020\/08\/Sello-naranja.svg\" alt=\"\" class=\"wp-image-308\" srcset=\"https:\/\/albertopreciado.com\/wp-content\/uploads\/\/2020\/08\/Sello-naranja.svg 150w, https:\/\/albertopreciado.com\/wp-content\/uploads\/\/2020\/08\/Sello-naranja.svg 300w, https:\/\/albertopreciado.com\/wp-content\/uploads\/\/2020\/08\/Sello-naranja.svg 1024w, https:\/\/albertopreciado.com\/wp-content\/uploads\/\/2020\/08\/Sello-naranja.svg 1536w, https:\/\/albertopreciado.com\/wp-content\/uploads\/\/2020\/08\/Sello-naranja.svg 2048w, https:\/\/albertopreciado.com\/wp-content\/uploads\/\/2020\/08\/Sello-naranja.svg 312w\" sizes=\"(max-width: 312px) 100vw, 312px\" \/><\/figure>\n<\/div>\n\n\n\n<div class=\"wp-block-column ml-5 is-layout-flow wp-block-column-is-layout-flow\">\n<div class=\"wp-block-spacer\" style=\"height: 20px;\" aria-hidden=\"true\">\u00a0<\/div>\n\n\n\n<p class=\"has-text-align-left mb-0 has-text-color has-small-font-size\" style=\"color:#4b5369\"><strong>MEET THE<\/strong><\/p>\n\n\n\n<h2 class=\"title-after is-style-title-after wp-block-heading\" id=\"equipo\">TEAM<\/h2>\n\n\n\n<p>We reckon with a cross-functional team comprised of professionals graduated from the best Colombian Schools of Law; they are fluent in English, French, Italian, and are experts in different legal areas. They are constantly providing vital customized, efficient and timely assistance being committed with the accountability demanded by loyal practice of law for the benefit of our domestic and overseas clients.<\/p>\n\n\n\n<div class=\"wp-block-spacer\" style=\"height: 40px;\" aria-hidden=\"true\">\u00a0<\/div>\n\n\n\n<div class=\"wp-block-buttons is-layout-flex wp-block-buttons-is-layout-flex\">\n<div class=\"wp-block-button\"><a class=\"wp-block-button__link wp-element-button\" href=\"https:\/\/albertopreciado.com\/en\/nuestro-equipo\/\">CLICK HERE<\/a><\/div>\n<\/div>\n\n\n\n<p>&nbsp;<\/p>\n<\/div>\n<\/div>\n\n\n\n<div class=\"wp-block-spacer\" style=\"height: 30px;\" aria-hidden=\"true\">\u00a0<\/div>\n\n\n<p><!-- \/wp:post-content --><\/p>\n<p><!-- wp:shortcode --><br>\n\n\t<style>\n\t.wp-block-cover.is-light .linkedin_cont{\n\t\t\tmax-width:1050px;\n\t\t\twidth:100%;\n\t\t}\n\t<\/style>\n\t<div class=\"wp-block-cover alignwide is-light\" style=\"min-height: 0px; padding: 80px 0;\">\n\t\t<span aria-hidden=\"true\" class=\"has-background-dim-100 wp-block-cover__gradient-background has-background-dim\" style=\"background-color:#f4ede6\"><\/span>\n\t\t<div class=\"wp-block-cover__inner-container linkedin_cont\">\n\t\t\t<h2 class=\"has-text-align-center title-after-before mb-5\" id=\"linkedin\" style=\"text-transform: none !important;\">LinkedIn<\/h2>\n\t\t\t<div class=\"container-fluid\">\n\t\t\t\t<div class=\"row\">\n\t\n\t\t\t\t<div class=\"col-12 col-lg-4 text-center\"><iframe src=\"https:\/\/www.linkedin.com\/embed\/feed\/update\/urn:li:ugcPost:7425642356210573313?collapsed=1\" height=\"567\" width=\"504\" frameborder=\"0\" allowfullscreen=\"\" title=\"Publicaci\u00f3n integrada\"><\/iframe><\/div>\n\t\t\t\n\t\t\t\t<div class=\"col-12 col-lg-4 text-center\"><iframe src=\"https:\/\/www.linkedin.com\/embed\/feed\/update\/urn:li:share:7431793837368324097?collapsed=1\" height=\"737\" width=\"504\" frameborder=\"0\" allowfullscreen=\"\" title=\"Publicaci\u00f3n integrada\"><\/iframe><\/div>\n\t\t\t\n\t\t\t\t<div class=\"col-12 col-lg-4 text-center\"><iframe src=\"https:\/\/www.linkedin.com\/embed\/feed\/update\/urn:li:ugcPost:7409601033124855808?collapsed=1\" height=\"895\" width=\"504\" frameborder=\"0\" allowfullscreen=\"\" title=\"Publicaci\u00f3n integrada\"><\/iframe><\/div>\n\t\t\t\n\t\t\t\t<\/div>\n\t\t\t<\/div>\n\t\t<\/div>\n\t<\/div>\n\t<br>\n<!-- \/wp:shortcode --><\/p>","protected":false},"excerpt":{"rendered":"<p>\u00c1REAS DE pr\u00e1ctica Somos un equipo multidisciplinario integrado por profesionales egresados de las mejores facultades de derecho del pa\u00eds, con dominio de idiomas como Ingl\u00e9s, Franc\u00e9s e Italiano, expertos en las diferentes \u00e1reas del derecho, los cuales prestan asistencia personalizada, eficaz y oportuna, comprometidos con la responsabilidad que implica la leal pr\u00e1ctica del derecho, en [&hellip;]<\/p>","protected":false},"author":1,"featured_media":153,"parent":0,"menu_order":0,"comment_status":"closed","ping_status":"closed","template":"","meta":{"_seopress_robots_primary_cat":"","footnotes":""},"class_list":["post-2","page","type-page","status-publish","has-post-thumbnail"],"acf":[],"banner":"","_links":{"self":[{"href":"https:\/\/albertopreciado.com\/en\/wp-json\/wp\/v2\/pages\/2","targetHints":{"allow":["GET"]}}],"collection":[{"href":"https:\/\/albertopreciado.com\/en\/wp-json\/wp\/v2\/pages"}],"about":[{"href":"https:\/\/albertopreciado.com\/en\/wp-json\/wp\/v2\/types\/page"}],"author":[{"embeddable":true,"href":"https:\/\/albertopreciado.com\/en\/wp-json\/wp\/v2\/users\/1"}],"replies":[{"embeddable":true,"href":"https:\/\/albertopreciado.com\/en\/wp-json\/wp\/v2\/comments?post=2"}],"version-history":[{"count":170,"href":"https:\/\/albertopreciado.com\/en\/wp-json\/wp\/v2\/pages\/2\/revisions"}],"predecessor-version":[{"id":2534,"href":"https:\/\/albertopreciado.com\/en\/wp-json\/wp\/v2\/pages\/2\/revisions\/2534"}],"wp:featuredmedia":[{"embeddable":true,"href":"https:\/\/albertopreciado.com\/en\/wp-json\/wp\/v2\/media\/153"}],"wp:attachment":[{"href":"https:\/\/albertopreciado.com\/en\/wp-json\/wp\/v2\/media?parent=2"}],"curies":[{"name":"wp","href":"https:\/\/api.w.org\/{rel}","templated":true}]}}