{"id":109,"date":"2020-08-15T18:50:48","date_gmt":"2020-08-15T23:50:48","guid":{"rendered":"http:\/\/albertopreciado.com\/sitio\/?page_id=109"},"modified":"2023-03-02T11:31:57","modified_gmt":"2023-03-02T16:31:57","slug":"la-firma","status":"publish","type":"page","link":"https:\/\/albertopreciado.com\/en\/la-firma\/","title":{"rendered":"The firm"},"content":{"rendered":"<div class=\"wp-block-spacer\" style=\"height: 40px;\" aria-hidden=\"true\">\u00a0<\/div>\n\n\n\n<figure class=\"wp-block-image size-large is-style-seal-rigth\"><img decoding=\"async\" width=\"312\" height=\"313\" src=\"http:\/\/albertopreciado.com\/sitio\/wp-content\/uploads\/2020\/08\/Sello-naranja.svg\" alt=\"\" class=\"wp-image-308\" srcset=\"https:\/\/albertopreciado.com\/wp-content\/uploads\/\/2020\/08\/Sello-naranja.svg 150w, https:\/\/albertopreciado.com\/wp-content\/uploads\/\/2020\/08\/Sello-naranja.svg 300w, https:\/\/albertopreciado.com\/wp-content\/uploads\/\/2020\/08\/Sello-naranja.svg 1024w, https:\/\/albertopreciado.com\/wp-content\/uploads\/\/2020\/08\/Sello-naranja.svg 1536w, https:\/\/albertopreciado.com\/wp-content\/uploads\/\/2020\/08\/Sello-naranja.svg 2048w, https:\/\/albertopreciado.com\/wp-content\/uploads\/\/2020\/08\/Sello-naranja.svg 312w\" sizes=\"(max-width: 312px) 100vw, 312px\" \/><\/figure>\n\n\n\n<div class=\"wp-block-columns is-layout-flex wp-container-core-columns-is-layout-9d6595d7 wp-block-columns-is-layout-flex\">\n<div class=\"wp-block-column is-layout-flow wp-block-column-is-layout-flow\">\n<div class=\"wp-block-spacer\" style=\"height: 40px;\" aria-hidden=\"true\">\u00a0<\/div>\n\n\n\n<p class=\"has-text-align-left mb-0 has-text-color has-small-font-size\" style=\"color:#4b5369\"><strong>OUR<\/strong><\/p>\n\n\n\n<h2 class=\"title-after is-style-title-after wp-block-heading\">HISTORY<\/h2>\n\n\n\n<p>PRECIADO ABOGADOS is a law firm established in 1951 founded by attorney-at-law Alberto Preciado Pe\u00f1a, renowned for providing technical advice in matters dealing with administrative, civil, commercial, real estate, family, financial, telecommunications, arbitrage and mediation matters.<\/p>\n\n\n\n<p>Since its foundation we have advised businesses of material impact in the national economy and have provided assistance in relevant transactions for the development and growth of our domestic companies.<\/p>\n\n\n\n<p>The firm led by its partner Alberto Preciado Arbel\u00e1ez has achieved significant credit among its clients for its professionalism, agility and responsibility in the cases entrusted to our professionals.<\/p>\n<\/div>\n\n\n\n<div class=\"wp-block-column is-layout-flow wp-block-column-is-layout-flow\">\n<figure class=\"wp-block-image size-large\"><img decoding=\"async\" width=\"1024\" height=\"683\" src=\"https:\/\/albertopreciado.com\/wp-content\/uploads\/2021\/12\/DANT9718-1-1024x683.jpg\" alt=\"dant9718\" class=\"wp-image-1095\" srcset=\"https:\/\/albertopreciado.com\/wp-content\/uploads\/2021\/12\/DANT9718-1-1024x683.jpg 1024w, https:\/\/albertopreciado.com\/wp-content\/uploads\/2021\/12\/DANT9718-1-300x200.jpg 300w, https:\/\/albertopreciado.com\/wp-content\/uploads\/2021\/12\/DANT9718-1-768x512.jpg 768w, https:\/\/albertopreciado.com\/wp-content\/uploads\/2021\/12\/DANT9718-1-1536x1024.jpg 1536w, https:\/\/albertopreciado.com\/wp-content\/uploads\/2021\/12\/DANT9718-1-18x12.jpg 18w, https:\/\/albertopreciado.com\/wp-content\/uploads\/2021\/12\/DANT9718-1.jpg 1920w\" sizes=\"(max-width: 1024px) 100vw, 1024px\" \/><\/figure>\n<\/div>\n<\/div>\n\n\n\n<div class=\"wp-block-spacer\" style=\"height: 60px;\" aria-hidden=\"true\">\u00a0<\/div>\n\n\n\n<div class=\"wp-block-cover alignwide is-light\"><span aria-hidden=\"true\" class=\"wp-block-cover__background has-background-dim-100 has-background-dim\" style=\"background-color:#f4ede6\"><\/span><div class=\"wp-block-cover__inner-container is-layout-flow wp-block-cover-is-layout-flow\">\n<div class=\"wp-block-spacer\" style=\"height: 30px;\" aria-hidden=\"true\">\u00a0<\/div>\n\n\n\n<p class=\"has-text-align-center mb-0 has-text-color has-small-font-size\" style=\"color:#4b5369\"><strong>ABOUT<\/strong><\/p>\n\n\n\n<h2 class=\"has-text-align-center title-after-before is-style-title-after-before wp-block-heading\">US<\/h2>\n\n\n\n<p class=\"has-text-align-center has-text-color\" style=\"color:#4b5369\">PRECIADO ABOGADOS is a law firm established in 1951 founded by attorney-at-law Alberto Preciado Pe\u00f1a, renowned for providing technical advice in matters dealing with administrative, civil, commercial, real estate, family, financial, telecommunications, arbitrage and mediation matters.<\/p>\n\n\n\n<div class=\"wp-block-spacer\" style=\"height: 20px;\" aria-hidden=\"true\">\u00a0<\/div>\n\n\n\n<p class=\"has-text-align-center has-text-color\" style=\"color:#d66c2c;font-size:70px\"><strong>70<\/strong><\/p>\n\n\n\n<p class=\"has-text-align-center has-text-color has-normal-font-size\" style=\"color:#4b5369\"><strong>YEARS OF EXPERIENCE<\/strong><\/p>\n\n\n\n<p>&nbsp;<\/p>\n<\/div><\/div>\n\n\n\n<div class=\"wp-block-spacer\" style=\"height: 60px;\" aria-hidden=\"true\">\u00a0<\/div>\n\n\n\n<div class=\"wp-block-columns is-layout-flex wp-container-core-columns-is-layout-9d6595d7 wp-block-columns-is-layout-flex\">\n<div class=\"wp-block-column is-layout-flow wp-block-column-is-layout-flow\">\n<figure class=\"wp-block-image size-large\"><img decoding=\"async\" width=\"543\" height=\"362\" src=\"https:\/\/albertopreciado.com\/wp-content\/uploads\/2020\/08\/Noticias-_-D.jpg\" alt=\"\" class=\"wp-image-810\" srcset=\"https:\/\/albertopreciado.com\/wp-content\/uploads\/2020\/08\/Noticias-_-D.jpg 543w, https:\/\/albertopreciado.com\/wp-content\/uploads\/2020\/08\/Noticias-_-D-300x200.jpg 300w, https:\/\/albertopreciado.com\/wp-content\/uploads\/2020\/08\/Noticias-_-D-16x12.jpg 16w\" sizes=\"(max-width: 543px) 100vw, 543px\" \/><\/figure>\n<\/div>\n\n\n\n<div class=\"wp-block-column ml-5 is-layout-flow wp-block-column-is-layout-flow\">\n<div class=\"wp-block-spacer\" style=\"height: 20px;\" aria-hidden=\"true\">\u00a0<\/div>\n\n\n\n<p class=\"has-text-align-left mb-0 has-text-color has-small-font-size\" style=\"color:#4b5369\"><strong>OUR<\/strong><\/p>\n\n\n\n<h2 class=\"title-after is-style-title-after wp-block-heading\">PHILOSOPHY<\/h2>\n\n\n\n<p>We are a law firm that affords legal advice to our clients, seeking suitable solutions for their particular needs, based on principles of loyalty, confidence, good practices and security. \n\nWe are characterized by giving a fast, timely and efficient response in accordance with our clients\u2019 needs.  Our philosophy is to maintain our quality standards, through a specialized and customized counsel, which we attain maintaining balance between our number of clients and the size of our firm.<\/p>\n\n\n\n<p>We provide legal advice in different areas of law and due to the structure of our firm and to our work scheme we are in conditions of offering comprehensive solutions conforming to our clients\u2019 requirements.<\/p>\n\n\n\n<p>Our approach is to consider that even difficult cases have an adequate solution for our clients, because we see what others do not see.<\/p>\n<\/div>\n<\/div>\n\n\n\n<div class=\"wp-block-spacer\" style=\"height: 60px;\" aria-hidden=\"true\">\u00a0<\/div>","protected":false},"excerpt":{"rendered":"<p>NUESTRA Historia Somos una oficina de abogados establecida desde 1951, fundada por el abogado Alberto Preciado Pe\u00f1a, reconocida por prestar asesor\u00eda jur\u00eddica en asuntos de car\u00e1cter administrativo, civil, comercial y estrategias corporativas, inmobiliario, de familia, financiero, de telecomunicaciones, arbitraje y mediaci\u00f3n. Desde su fundaci\u00f3n, hemos asesorado negocios de importante impacto en la econom\u00eda nacional y [&hellip;]<\/p>","protected":false},"author":1,"featured_media":0,"parent":0,"menu_order":0,"comment_status":"closed","ping_status":"closed","template":"","meta":{"_seopress_robots_primary_cat":"","footnotes":""},"class_list":["post-109","page","type-page","status-publish"],"acf":[],"banner":false,"_links":{"self":[{"href":"https:\/\/albertopreciado.com\/en\/wp-json\/wp\/v2\/pages\/109","targetHints":{"allow":["GET"]}}],"collection":[{"href":"https:\/\/albertopreciado.com\/en\/wp-json\/wp\/v2\/pages"}],"about":[{"href":"https:\/\/albertopreciado.com\/en\/wp-json\/wp\/v2\/types\/page"}],"author":[{"embeddable":true,"href":"https:\/\/albertopreciado.com\/en\/wp-json\/wp\/v2\/users\/1"}],"replies":[{"embeddable":true,"href":"https:\/\/albertopreciado.com\/en\/wp-json\/wp\/v2\/comments?post=109"}],"version-history":[{"count":34,"href":"https:\/\/albertopreciado.com\/en\/wp-json\/wp\/v2\/pages\/109\/revisions"}],"predecessor-version":[{"id":1798,"href":"https:\/\/albertopreciado.com\/en\/wp-json\/wp\/v2\/pages\/109\/revisions\/1798"}],"wp:attachment":[{"href":"https:\/\/albertopreciado.com\/en\/wp-json\/wp\/v2\/media?parent=109"}],"curies":[{"name":"wp","href":"https:\/\/api.w.org\/{rel}","templated":true}]}}